
{"id":42,"date":"2023-04-12T12:54:23","date_gmt":"2023-04-12T10:54:23","guid":{"rendered":"http:\/\/localhost:8888\/1980\/?page_id=42"},"modified":"2024-07-18T14:55:14","modified_gmt":"2024-07-18T12:55:14","slug":"impressum","status":"publish","type":"page","link":"https:\/\/solidarity1980.com\/en\/impressum\/","title":{"rendered":"Imprint"},"content":{"rendered":"<div class=\"wp-block-columns are-vertically-aligned-bottom logo-wrapper is-layout-flex wp-container-core-columns-is-layout-9d6595d7 wp-block-columns-is-layout-flex\">\n<div class=\"wp-block-column is-vertically-aligned-bottom is-layout-flow wp-block-column-is-layout-flow\" style=\"flex-basis:33%\">\n<figure class=\"wp-block-image size-full\"><img loading=\"lazy\" decoding=\"async\" width=\"1000\" height=\"584\" src=\"https:\/\/solidarity1980.com\/wp-content\/uploads\/2023\/04\/titre_expo_EN-800x467-1.png\" alt=\"\" class=\"wp-image-312\" srcset=\"https:\/\/solidarity1980.com\/wp-content\/uploads\/2023\/04\/titre_expo_EN-800x467-1.png 800w, https:\/\/solidarity1980.com\/wp-content\/uploads\/2023\/04\/titre_expo_EN-800x467-1-300x175.png 300w, https:\/\/solidarity1980.com\/wp-content\/uploads\/2023\/04\/titre_expo_EN-800x467-1-768x448.png 768w, https:\/\/solidarity1980.com\/wp-content\/uploads\/2023\/04\/titre_expo_EN-800x467-1-18x12.png 18w\" sizes=\"auto, (max-width: 1000px) 100vw, 1000px\" \/><\/figure>\n<\/div>\n\n\n\n<div class=\"wp-block-column is-vertically-aligned-bottom is-layout-flow wp-block-column-is-layout-flow\">\n<h3 class=\"wp-block-heading\">PEOPLES\u2019 COMMITMENT<br>WITNESSES\u2019 MEMORY<br>HISTORIANS\u2019 QUESTIONS<\/h3>\n<\/div>\n<\/div>\n\n\n\n<hr class=\"wp-block-separator has-alpha-channel-opacity\"\/>\n\n\n\n<h4 class=\"wp-block-heading\">The virtual platform was prepared by the General History Department,<br><a href=\"https:\/\/www.unige.ch\/lettres\/istge\/\" target=\"_blank\" rel=\"noreferrer noopener\">Swiss history unit,<\/a>at Geneva University<\/h4>\n\n\n\n<p><\/p>\n\n\n\n<p><strong>Design, editing, composition<\/strong><br><a href=\"https:\/\/www.unige.ch\/lettres\/istge\/enseignants-chercheurs\/latala\">Dr Renata Lata\u0142a<\/a><br><strong>Graphic design<\/strong><br><a href=\"http:\/\/www.jeremiemercier.com\/\" target=\"_blank\" rel=\"noreferrer noopener\">J\u00e9r\u00e9mie Mercier<\/a><br><strong>Website design<\/strong><br><a href=\"https:\/\/paulinedupraz.com\/\" target=\"_blank\" rel=\"noreferrer noopener\">Pauline Dupraz<\/a><br><strong>French-English translation<\/strong><br>Anna Hamilton<br><strong>Proofreading<\/strong><br>Barbara Mazotti, Luc Verly, John Woolfenden<br><strong>Technical support<\/strong><br>Sarah Osman, Berenika Ko\u017abia\u0142<\/p>\n\n\n\n<h6 class=\"wp-block-heading\"><strong>Project funded by the Swiss National Science Foundation (FNS)&nbsp;&nbsp;<\/strong><br><\/h6>\n\n\n\n<p><strong>Scientific director<\/strong><br><a href=\"https:\/\/www.unige.ch\/lettres\/istge\/enseignants-chercheurs\/herrmann\">Prof. Ir\u00e8ne Herrmann<\/a><br><strong>Concept and project coordination<\/strong><br><a href=\"https:\/\/www.unige.ch\/lettres\/istge\/enseignants-chercheurs\/latala\">Dr Renata Lata\u0142a<\/a><br><strong>Communication &amp; Social Media<\/strong><br>Sarah Osman<\/p>\n\n\n\n<p><strong>Acknowledgments<\/strong><br>Fr\u00e9d\u00e9ric Goubier, C\u00e9dric M\u00fcller, Aleksandra Sikorska-Krystek, Roxana Vicovanu Bota, Fondation Archivum Helveto-Polonicum, Archives f\u00e9d\u00e9rales suisses, Archives de l\u2019ONU, <a href=\"https:\/\/polenmuseum.ch\">Archiv des Polenmuseums Rapperswil<\/a>,\u00a0Fondation Coll\u00e8ge du Travail, Schweizerisches Sozialarchiv<\/p>\n\n\n\n<p class=\"has-small-font-size\"><strong>Photo credits&nbsp;<\/strong><br>Women's face during the protest in Poland \u00a9&nbsp;<em>Le\u00e7ons de Solidarit\u00e9. L\u2019Alternative,<\/em>&nbsp;Paris, 1982.<br>Manifestation en faveur de Solidarno\u015b\u0107 \u00e0 Berne, 19 d\u00e9c.&nbsp;1981 \u00a9 Jacek Sygnarski, Fondation Archivum Helveto-Polonicum.<br>Manifestation \u00e0 Varsovie en 1982&nbsp;\u00a9 Fonds priv\u00e9 Anne Estreicher.<\/p>\n\n\n\n<p class=\"has-small-font-size\"><\/p>\n\n\n\n<p><\/p>\n\n\n\n<div class=\"wp-block-columns is-layout-flex wp-container-core-columns-is-layout-9d6595d7 wp-block-columns-is-layout-flex\">\n<div class=\"wp-block-column is-vertically-aligned-center is-layout-flow wp-block-column-is-layout-flow\">\n<figure class=\"wp-block-image size-full is-resized\"><a href=\"https:\/\/www.snf.ch\/en\/FKhU9kAtfXx7w9AI\/page\/home\" target=\"_blank\" rel=\"noreferrer noopener\"><img loading=\"lazy\" decoding=\"async\" width=\"574\" height=\"130\" src=\"https:\/\/solidarity1980.com\/wp-content\/uploads\/2023\/04\/SNF_logo_standard_web_color_pos_f.png\" alt=\"\" class=\"wp-image-338\" style=\"width:287px;height:65px\" srcset=\"https:\/\/solidarity1980.com\/wp-content\/uploads\/2023\/04\/SNF_logo_standard_web_color_pos_f.png 574w, https:\/\/solidarity1980.com\/wp-content\/uploads\/2023\/04\/SNF_logo_standard_web_color_pos_f-18x4.png 18w\" sizes=\"auto, (max-width: 574px) 100vw, 574px\" \/><\/a><\/figure>\n<\/div>\n\n\n\n<div class=\"wp-block-column is-vertically-aligned-center is-layout-flow wp-block-column-is-layout-flow\">\n<figure class=\"wp-block-image size-full is-resized\"><a href=\"https:\/\/www.unige.ch\/lettres\/istge\/\" target=\"_blank\" rel=\"noreferrer noopener\"><img loading=\"lazy\" decoding=\"async\" width=\"561\" height=\"275\" src=\"https:\/\/solidarity1980.com\/wp-content\/uploads\/2023\/04\/fac_lettres.png\" alt=\"\" class=\"wp-image-305\" style=\"width:281px;height:138px\" srcset=\"https:\/\/solidarity1980.com\/wp-content\/uploads\/2023\/04\/fac_lettres.png 561w, https:\/\/solidarity1980.com\/wp-content\/uploads\/2023\/04\/fac_lettres-300x147.png 300w, https:\/\/solidarity1980.com\/wp-content\/uploads\/2023\/04\/fac_lettres-18x9.png 18w\" sizes=\"auto, (max-width: 561px) 100vw, 561px\" \/><\/a><\/figure>\n<\/div>\n<\/div>","protected":false},"excerpt":{"rendered":"<p>Engagement des peuplesM\u00e9moire des t\u00e9moinsQuestions d\u2019historiens La plateforme virtuelle r\u00e9alis\u00e9e au D\u00e9partement d\u2019histoire g\u00e9n\u00e9rale,Unit\u00e9 d\u2019histoire suisse, de l\u2019Universit\u00e9 de Gen\u00e8ve Conception, r\u00e9daction, compositionDre Renata Lata\u0142aGraphismeJ\u00e9r\u00e9mie MercierConception du site webPauline DuprazTraduction fran\u00e7ais-anglaisAnna HamiltonCorrectionBarbara Mazotti, Luc Verly, John WoolfendenAssistance techniqueSarah Osman, Berenika Ko\u017abia\u0142 Projet financ\u00e9 par le Fonds National Suisse de la Recherche Scientifique&nbsp;&nbsp; Direction scientifique du [&#8230;]<\/p>\n<p><a class=\"btn btn-secondary understrap-read-more-link\" href=\"https:\/\/solidarity1980.com\/en\/impressum\/\">Read More&#8230;<span class=\"screen-reader-text\"> from Impressum<\/span><\/a><\/p>\n","protected":false},"author":1,"featured_media":0,"parent":0,"menu_order":0,"comment_status":"closed","ping_status":"closed","template":"page-templates\/simple-page.php","meta":{"footnotes":""},"class_list":["post-42","page","type-page","status-publish","hentry"],"yoast_head":"<!-- This site is optimized with the Yoast SEO plugin v27.3 - https:\/\/yoast.com\/product\/yoast-seo-wordpress\/ -->\n<title>Impressum - 1980 Le moment de solidarit\u00e9<\/title>\n<meta name=\"robots\" content=\"index, follow, max-snippet:-1, max-image-preview:large, max-video-preview:-1\" \/>\n<link rel=\"canonical\" href=\"https:\/\/solidarity1980.com\/en\/impressum\/\" \/>\n<meta property=\"og:locale\" content=\"en_GB\" \/>\n<meta property=\"og:type\" content=\"article\" \/>\n<meta property=\"og:title\" content=\"Impressum - 1980 Le moment de solidarit\u00e9\" \/>\n<meta property=\"og:description\" content=\"Engagement des peuplesM\u00e9moire des t\u00e9moinsQuestions d\u2019historiens La plateforme virtuelle r\u00e9alis\u00e9e au D\u00e9partement d\u2019histoire g\u00e9n\u00e9rale,Unit\u00e9 d\u2019histoire suisse, de l\u2019Universit\u00e9 de Gen\u00e8ve Conception, r\u00e9daction, compositionDre Renata Lata\u0142aGraphismeJ\u00e9r\u00e9mie MercierConception du site webPauline DuprazTraduction fran\u00e7ais-anglaisAnna HamiltonCorrectionBarbara Mazotti, Luc Verly, John WoolfendenAssistance techniqueSarah Osman, Berenika Ko\u017abia\u0142 Projet financ\u00e9 par le Fonds National Suisse de la Recherche Scientifique&nbsp;&nbsp; Direction scientifique du [...]Read More... from Impressum\" \/>\n<meta property=\"og:url\" content=\"https:\/\/solidarity1980.com\/en\/impressum\/\" \/>\n<meta property=\"og:site_name\" content=\"1980 Le moment de solidarit\u00e9\" \/>\n<meta property=\"article:modified_time\" content=\"2024-07-18T12:55:14+00:00\" \/>\n<meta property=\"og:image\" content=\"https:\/\/solidarity1980.com\/wp-content\/uploads\/2023\/04\/titre_expo.png\" \/>\n<meta name=\"twitter:card\" content=\"summary_large_image\" \/>\n<meta name=\"twitter:label1\" content=\"Estimated reading time\" \/>\n\t<meta name=\"twitter:data1\" content=\"2 minutes\" \/>\n<script type=\"application\/ld+json\" class=\"yoast-schema-graph\">{\"@context\":\"https:\\\/\\\/schema.org\",\"@graph\":[{\"@type\":\"WebPage\",\"@id\":\"https:\\\/\\\/solidarity1980.com\\\/impressum\\\/\",\"url\":\"https:\\\/\\\/solidarity1980.com\\\/impressum\\\/\",\"name\":\"Impressum - 1980 Le moment de solidarit\u00e9\",\"isPartOf\":{\"@id\":\"https:\\\/\\\/solidarity1980.com\\\/#website\"},\"primaryImageOfPage\":{\"@id\":\"https:\\\/\\\/solidarity1980.com\\\/impressum\\\/#primaryimage\"},\"image\":{\"@id\":\"https:\\\/\\\/solidarity1980.com\\\/impressum\\\/#primaryimage\"},\"thumbnailUrl\":\"https:\\\/\\\/solidarity1980.com\\\/wp-content\\\/uploads\\\/2023\\\/04\\\/titre_expo.png\",\"datePublished\":\"2023-04-12T10:54:23+00:00\",\"dateModified\":\"2024-07-18T12:55:14+00:00\",\"breadcrumb\":{\"@id\":\"https:\\\/\\\/solidarity1980.com\\\/impressum\\\/#breadcrumb\"},\"inLanguage\":\"en-GB\",\"potentialAction\":[{\"@type\":\"ReadAction\",\"target\":[\"https:\\\/\\\/solidarity1980.com\\\/impressum\\\/\"]}]},{\"@type\":\"ImageObject\",\"inLanguage\":\"en-GB\",\"@id\":\"https:\\\/\\\/solidarity1980.com\\\/impressum\\\/#primaryimage\",\"url\":\"https:\\\/\\\/solidarity1980.com\\\/wp-content\\\/uploads\\\/2023\\\/04\\\/titre_expo.png\",\"contentUrl\":\"https:\\\/\\\/solidarity1980.com\\\/wp-content\\\/uploads\\\/2023\\\/04\\\/titre_expo.png\"},{\"@type\":\"BreadcrumbList\",\"@id\":\"https:\\\/\\\/solidarity1980.com\\\/impressum\\\/#breadcrumb\",\"itemListElement\":[{\"@type\":\"ListItem\",\"position\":1,\"name\":\"Accueil\",\"item\":\"https:\\\/\\\/solidarity1980.com\\\/\"},{\"@type\":\"ListItem\",\"position\":2,\"name\":\"Impressum\"}]},{\"@type\":\"WebSite\",\"@id\":\"https:\\\/\\\/solidarity1980.com\\\/#website\",\"url\":\"https:\\\/\\\/solidarity1980.com\\\/\",\"name\":\"1980 Le moment de solidarit\u00e9\",\"description\":\"1980 Le moment de solidarit\u00e9\",\"publisher\":{\"@id\":\"https:\\\/\\\/solidarity1980.com\\\/#organization\"},\"potentialAction\":[{\"@type\":\"SearchAction\",\"target\":{\"@type\":\"EntryPoint\",\"urlTemplate\":\"https:\\\/\\\/solidarity1980.com\\\/?s={search_term_string}\"},\"query-input\":{\"@type\":\"PropertyValueSpecification\",\"valueRequired\":true,\"valueName\":\"search_term_string\"}}],\"inLanguage\":\"en-GB\"},{\"@type\":\"Organization\",\"@id\":\"https:\\\/\\\/solidarity1980.com\\\/#organization\",\"name\":\"1980 Le moment de solidarit\u00e9\",\"url\":\"https:\\\/\\\/solidarity1980.com\\\/\",\"logo\":{\"@type\":\"ImageObject\",\"inLanguage\":\"en-GB\",\"@id\":\"https:\\\/\\\/solidarity1980.com\\\/#\\\/schema\\\/logo\\\/image\\\/\",\"url\":\"https:\\\/\\\/solidarity1980.com\\\/wp-content\\\/uploads\\\/2023\\\/04\\\/titre_plateforme.png\",\"contentUrl\":\"https:\\\/\\\/solidarity1980.com\\\/wp-content\\\/uploads\\\/2023\\\/04\\\/titre_plateforme.png\",\"width\":786,\"height\":467,\"caption\":\"1980 Le moment de solidarit\u00e9\"},\"image\":{\"@id\":\"https:\\\/\\\/solidarity1980.com\\\/#\\\/schema\\\/logo\\\/image\\\/\"}}]}<\/script>\n<!-- \/ Yoast SEO plugin. -->","yoast_head_json":{"title":"Impressum - 1980 Le moment de solidarit\u00e9","robots":{"index":"index","follow":"follow","max-snippet":"max-snippet:-1","max-image-preview":"max-image-preview:large","max-video-preview":"max-video-preview:-1"},"canonical":"https:\/\/solidarity1980.com\/en\/impressum\/","og_locale":"en_GB","og_type":"article","og_title":"Impressum - 1980 Le moment de solidarit\u00e9","og_description":"Engagement des peuplesM\u00e9moire des t\u00e9moinsQuestions d\u2019historiens La plateforme virtuelle r\u00e9alis\u00e9e au D\u00e9partement d\u2019histoire g\u00e9n\u00e9rale,Unit\u00e9 d\u2019histoire suisse, de l\u2019Universit\u00e9 de Gen\u00e8ve Conception, r\u00e9daction, compositionDre Renata Lata\u0142aGraphismeJ\u00e9r\u00e9mie MercierConception du site webPauline DuprazTraduction fran\u00e7ais-anglaisAnna HamiltonCorrectionBarbara Mazotti, Luc Verly, John WoolfendenAssistance techniqueSarah Osman, Berenika Ko\u017abia\u0142 Projet financ\u00e9 par le Fonds National Suisse de la Recherche Scientifique&nbsp;&nbsp; Direction scientifique du [...]Read More... from Impressum","og_url":"https:\/\/solidarity1980.com\/en\/impressum\/","og_site_name":"1980 Le moment de solidarit\u00e9","article_modified_time":"2024-07-18T12:55:14+00:00","og_image":[{"url":"https:\/\/solidarity1980.com\/wp-content\/uploads\/2023\/04\/titre_expo.png","type":"","width":"","height":""}],"twitter_card":"summary_large_image","twitter_misc":{"Estimated reading time":"2 minutes"},"schema":{"@context":"https:\/\/schema.org","@graph":[{"@type":"WebPage","@id":"https:\/\/solidarity1980.com\/impressum\/","url":"https:\/\/solidarity1980.com\/impressum\/","name":"Impressum - 1980 Le moment de solidarit\u00e9","isPartOf":{"@id":"https:\/\/solidarity1980.com\/#website"},"primaryImageOfPage":{"@id":"https:\/\/solidarity1980.com\/impressum\/#primaryimage"},"image":{"@id":"https:\/\/solidarity1980.com\/impressum\/#primaryimage"},"thumbnailUrl":"https:\/\/solidarity1980.com\/wp-content\/uploads\/2023\/04\/titre_expo.png","datePublished":"2023-04-12T10:54:23+00:00","dateModified":"2024-07-18T12:55:14+00:00","breadcrumb":{"@id":"https:\/\/solidarity1980.com\/impressum\/#breadcrumb"},"inLanguage":"en-GB","potentialAction":[{"@type":"ReadAction","target":["https:\/\/solidarity1980.com\/impressum\/"]}]},{"@type":"ImageObject","inLanguage":"en-GB","@id":"https:\/\/solidarity1980.com\/impressum\/#primaryimage","url":"https:\/\/solidarity1980.com\/wp-content\/uploads\/2023\/04\/titre_expo.png","contentUrl":"https:\/\/solidarity1980.com\/wp-content\/uploads\/2023\/04\/titre_expo.png"},{"@type":"BreadcrumbList","@id":"https:\/\/solidarity1980.com\/impressum\/#breadcrumb","itemListElement":[{"@type":"ListItem","position":1,"name":"Accueil","item":"https:\/\/solidarity1980.com\/"},{"@type":"ListItem","position":2,"name":"Impressum"}]},{"@type":"WebSite","@id":"https:\/\/solidarity1980.com\/#website","url":"https:\/\/solidarity1980.com\/","name":"1980 Le moment de solidarit\u00e9","description":"1980 Le moment de solidarit\u00e9","publisher":{"@id":"https:\/\/solidarity1980.com\/#organization"},"potentialAction":[{"@type":"SearchAction","target":{"@type":"EntryPoint","urlTemplate":"https:\/\/solidarity1980.com\/?s={search_term_string}"},"query-input":{"@type":"PropertyValueSpecification","valueRequired":true,"valueName":"search_term_string"}}],"inLanguage":"en-GB"},{"@type":"Organization","@id":"https:\/\/solidarity1980.com\/#organization","name":"1980 Le moment de solidarit\u00e9","url":"https:\/\/solidarity1980.com\/","logo":{"@type":"ImageObject","inLanguage":"en-GB","@id":"https:\/\/solidarity1980.com\/#\/schema\/logo\/image\/","url":"https:\/\/solidarity1980.com\/wp-content\/uploads\/2023\/04\/titre_plateforme.png","contentUrl":"https:\/\/solidarity1980.com\/wp-content\/uploads\/2023\/04\/titre_plateforme.png","width":786,"height":467,"caption":"1980 Le moment de solidarit\u00e9"},"image":{"@id":"https:\/\/solidarity1980.com\/#\/schema\/logo\/image\/"}}]}},"wps_subtitle":"","_links":{"self":[{"href":"https:\/\/solidarity1980.com\/en\/wp-json\/wp\/v2\/pages\/42","targetHints":{"allow":["GET"]}}],"collection":[{"href":"https:\/\/solidarity1980.com\/en\/wp-json\/wp\/v2\/pages"}],"about":[{"href":"https:\/\/solidarity1980.com\/en\/wp-json\/wp\/v2\/types\/page"}],"author":[{"embeddable":true,"href":"https:\/\/solidarity1980.com\/en\/wp-json\/wp\/v2\/users\/1"}],"replies":[{"embeddable":true,"href":"https:\/\/solidarity1980.com\/en\/wp-json\/wp\/v2\/comments?post=42"}],"version-history":[{"count":33,"href":"https:\/\/solidarity1980.com\/en\/wp-json\/wp\/v2\/pages\/42\/revisions"}],"predecessor-version":[{"id":1502,"href":"https:\/\/solidarity1980.com\/en\/wp-json\/wp\/v2\/pages\/42\/revisions\/1502"}],"wp:attachment":[{"href":"https:\/\/solidarity1980.com\/en\/wp-json\/wp\/v2\/media?parent=42"}],"curies":[{"name":"wp","href":"https:\/\/api.w.org\/{rel}","templated":true}]}}