
{"id":26,"date":"2023-04-11T14:40:59","date_gmt":"2023-04-11T12:40:59","guid":{"rendered":"http:\/\/localhost:8888\/1980\/?page_id=24"},"modified":"2023-10-17T12:28:52","modified_gmt":"2023-10-17T10:28:52","slug":"concours","status":"publish","type":"page","link":"https:\/\/solidarity1980.com\/en\/concours\/","title":{"rendered":"Photo &amp; Short Video Contest\u00a0"},"content":{"rendered":"<h2 class=\"wp-block-heading\">Solidarity in my life<\/h2>\n\n\n\n<h5 class=\"wp-block-heading\">You are a young person engaged in helping others, and would like to share your experiences?<\/h5>\n\n\n\n<h5 class=\"wp-block-heading\">Do you know someone who is your role model and champion of solidarity?&nbsp;<\/h5>\n\n\n\n<h5 class=\"wp-block-heading\">Or maybe you experienced an act of solidarity that you want to share?&nbsp;<\/h5>\n\n\n\n<h3 class=\"wp-block-heading\"><strong>Take out<\/strong> <span class=\"text-primary\">your camera!<\/span><\/h3>\n\n\n\n<h3 class=\"wp-block-heading\"><strong>Take out<\/strong> <span class=\"text-primary\">your phone!<\/span><\/h3>\n\n\n\n<h3 class=\"wp-block-heading\"><strong>Tell us<\/strong> <span class=\"text-primary\">your story!<\/span><\/h3>\n\n\n\n<div style=\"height:40px\" aria-hidden=\"true\" class=\"wp-block-spacer\"><\/div>\n\n\n\n<div class=\"wp-block-buttons is-horizontal is-layout-flex wp-block-buttons-is-layout-flex\">\n<div class=\"wp-block-button\"><a class=\"wp-block-button__link wp-element-button\" href=\"mailto:contest.solidarity1980@gmail.com\" target=\"_blank\" rel=\"noreferrer noopener\">Registration<\/a><\/div>\n<\/div>\n\n\n\n<div style=\"height:20px\" aria-hidden=\"true\" class=\"wp-block-spacer\"><\/div>\n\n\n\n<p><a href=\"https:\/\/solidarity1980.com\/wp-content\/uploads\/2023\/06\/Evaluation-criteria_rules_contest_Final_2023-06-13_8-18.pdf\">EVALUATION CRITERIA<\/a>  <br><a href=\"https:\/\/solidarity1980.com\/wp-content\/uploads\/2023\/05\/Terms-and-conditions-Photo-Video-Contest_ENG.pdf\" target=\"_blank\" rel=\"noreferrer noopener\">TERMS AND CONDITIONS<\/a><br><a href=\"https:\/\/solidarity1980.com\/wp-content\/uploads\/2023\/05\/Authorisation-for-Photo-Video_Solidarity-Contest_ENG-3.docx\" target=\"_blank\" rel=\"noreferrer noopener\">AUTHORISATION<\/a> <\/p>\n\n\n\n<p><\/p>\n\n\n\n<h6 class=\"wp-block-heading column-break\">Your tasks<\/h6>\n\n\n\n<p>Faire une courte vid\u00e9o ou une s\u00e9rie de photos qui aborde le th\u00e8me de la solidarit\u00e9 dans ta communaut\u00e9, ton quartier ou ta famille, en r\u00e9pondant aux questions suivantes:&nbsp; Qu\u2019est-ce que la solidarit\u00e9 dans le monde contemporain? Qu\u2019est-ce que la solidarit\u00e9 dans ma vie?<\/p>\n\n\n\n<h6 class=\"wp-block-heading\">Participation conditions&nbsp;&nbsp;<\/h6>\n\n\n\n<ul class=\"wp-block-list\">\n<li>Contest is open to gymnasium and high school students<\/li>\n\n\n\n<li>Read carefully all the conditions and documents required to take part in the contest<\/li>\n\n\n\n<li>Follow us on Instagram <a href=\"https:\/\/www.instagram.com\/solidarity1980\/\" target=\"_blank\" rel=\"noreferrer noopener\">@solidarity1980<\/a> and You Tube <a href=\"https:\/\/www.youtube.com\/@SolidarityMoment1980\/about\" target=\"_blank\" rel=\"noreferrer noopener\">@SolidarityMoment1980<\/a>&nbsp;<\/li>\n\n\n\n<li>Post your work on Instagram and mention @solidarity1980 with <em>hashtag<\/em>s <em>#Solidarity #LeMomentSolidarite #1980 #YouthSolidarity&nbsp;<em>#Solidarit\u00e9DansMaVie #SolidarityInMyLife <\/em><\/em>et&nbsp;collecte le plus de&nbsp;<em>LIKES<\/em>&nbsp;as possible<\/li>\n\n\n\n<li>Send us your registration with required forms to our email:\u00a0<a href=\"mailto:contest.solidarity1980@gmail.com\" target=\"_blank\" rel=\"noreferrer noopener\">contest.solidarity1980@gmail.com<\/a><\/li>\n\n\n\n<li>Prizes will be awarded to the three best works, in each category (photo and video)<\/li>\n\n\n\n<li>The top ten works in each category will be posted on our website and Instagram.<\/li>\n<\/ul>\n\n\n\n<div class=\"wp-block-group card bg-secondary text-monospace\"><div class=\"wp-block-group__inner-container is-layout-constrained wp-block-group-is-layout-constrained\">\n<p><span>Show us solidarity in your life! <\/span><\/p>\n\n\n\n<pre id=\"tw-target-text\" class=\"wp-block-preformatted\"><span>Follow us on Instagram <a href=\"https:\/\/www.instagram.com\/solidarity1980\/\" target=\"_blank\" rel=\"noreferrer noopener\">@solidarity1980 <\/a>\nand You Tube <a href=\"https:\/\/www.youtube.com\/@SolidarityMoment1980\/about\" target=\"_blank\" rel=\"noreferrer noopener\">@SolidarityMoment1980<\/a><\/span><\/pre>\n\n\n\n<p class=\"small\">#Solidarity #SolidarityMoment #Solidarit\u00e9 #LeMomentSolidarit\u00e9 #1980 #YouthSolidarity <em>#Solidarit\u00e9DansMaVie #SolidarityInMyLife<\/em><\/p>\n<\/div><\/div>","protected":false},"excerpt":{"rendered":"<p>Solidarit\u00e9 dans ma vie Tu es jeune, tu aimes aider les autres et tu souhaites partager tes exp\u00e9riences? Tu connais quelqu\u2019un qui est un mod\u00e8le de l\u2019engagement solidaire?\u202f&nbsp; Ou tu as v\u00e9cu un acte de solidarit\u00e9 que tu aimerais partager?&nbsp; Sors ton appareil photo! Sors ton smartphone! Raconte-nous ton histoire! CRIT\u00c8RES DE S\u00c9LECTION R\u00c8GLES G\u00c9N\u00c9RALESAUTORISATION [&#8230;]<\/p>\n<p><a class=\"btn btn-secondary understrap-read-more-link\" href=\"https:\/\/solidarity1980.com\/en\/concours\/\">Read More&#8230;<span class=\"screen-reader-text\"> from Concours de photo et de courte vid\u00e9o\u00a0<\/span><\/a><\/p>\n","protected":false},"author":1,"featured_media":0,"parent":0,"menu_order":0,"comment_status":"closed","ping_status":"closed","template":"page-templates\/contest-page.php","meta":{"footnotes":""},"class_list":["post-26","page","type-page","status-publish","hentry"],"yoast_head":"<!-- This site is optimized with the Yoast SEO plugin v27.4 - https:\/\/yoast.com\/product\/yoast-seo-wordpress\/ -->\n<title>Concours de photo et de courte vid\u00e9o\u00a0 - 1980 Le moment de solidarit\u00e9<\/title>\n<meta name=\"description\" content=\"Cr\u00e9er une courte vid\u00e9o ou une s\u00e9rie de photos Solidarite dans ma vie. Toutes les contributions doivent \u00eatre envoy\u00e9es le 31.07.2023.\" \/>\n<meta name=\"robots\" content=\"index, follow, max-snippet:-1, max-image-preview:large, max-video-preview:-1\" \/>\n<link rel=\"canonical\" href=\"https:\/\/solidarity1980.com\/en\/concours\/\" \/>\n<meta property=\"og:locale\" content=\"en_GB\" \/>\n<meta property=\"og:type\" content=\"article\" \/>\n<meta property=\"og:title\" content=\"Concours de photo et de courte vid\u00e9o\u00a0 - 1980 Le moment de solidarit\u00e9\" \/>\n<meta property=\"og:description\" content=\"Cr\u00e9er une courte vid\u00e9o ou une s\u00e9rie de photos Solidarite dans ma vie. Toutes les contributions doivent \u00eatre envoy\u00e9es le 31.07.2023.\" \/>\n<meta property=\"og:url\" content=\"https:\/\/solidarity1980.com\/en\/concours\/\" \/>\n<meta property=\"og:site_name\" content=\"1980 Le moment de solidarit\u00e9\" \/>\n<meta property=\"article:modified_time\" content=\"2023-10-17T10:28:52+00:00\" \/>\n<meta name=\"twitter:card\" content=\"summary_large_image\" \/>\n<meta name=\"twitter:label1\" content=\"Estimated reading time\" \/>\n\t<meta name=\"twitter:data1\" content=\"2 minutes\" \/>\n<script type=\"application\/ld+json\" class=\"yoast-schema-graph\">{\"@context\":\"https:\\\/\\\/schema.org\",\"@graph\":[{\"@type\":\"WebPage\",\"@id\":\"https:\\\/\\\/solidarity1980.com\\\/concours\\\/\",\"url\":\"https:\\\/\\\/solidarity1980.com\\\/concours\\\/\",\"name\":\"Concours de photo et de courte vid\u00e9o\u00a0 - 1980 Le moment de solidarit\u00e9\",\"isPartOf\":{\"@id\":\"https:\\\/\\\/solidarity1980.com\\\/#website\"},\"datePublished\":\"2023-04-11T12:40:59+00:00\",\"dateModified\":\"2023-10-17T10:28:52+00:00\",\"description\":\"Cr\u00e9er une courte vid\u00e9o ou une s\u00e9rie de photos Solidarite dans ma vie. Toutes les contributions doivent \u00eatre envoy\u00e9es le 31.07.2023.\",\"breadcrumb\":{\"@id\":\"https:\\\/\\\/solidarity1980.com\\\/concours\\\/#breadcrumb\"},\"inLanguage\":\"en-GB\",\"potentialAction\":[{\"@type\":\"ReadAction\",\"target\":[\"https:\\\/\\\/solidarity1980.com\\\/concours\\\/\"]}]},{\"@type\":\"BreadcrumbList\",\"@id\":\"https:\\\/\\\/solidarity1980.com\\\/concours\\\/#breadcrumb\",\"itemListElement\":[{\"@type\":\"ListItem\",\"position\":1,\"name\":\"Accueil\",\"item\":\"https:\\\/\\\/solidarity1980.com\\\/\"},{\"@type\":\"ListItem\",\"position\":2,\"name\":\"Concours de photo et de courte vid\u00e9o\u00a0\"}]},{\"@type\":\"WebSite\",\"@id\":\"https:\\\/\\\/solidarity1980.com\\\/#website\",\"url\":\"https:\\\/\\\/solidarity1980.com\\\/\",\"name\":\"1980 Le moment de solidarit\u00e9\",\"description\":\"1980 Le moment de solidarit\u00e9\",\"publisher\":{\"@id\":\"https:\\\/\\\/solidarity1980.com\\\/#organization\"},\"potentialAction\":[{\"@type\":\"SearchAction\",\"target\":{\"@type\":\"EntryPoint\",\"urlTemplate\":\"https:\\\/\\\/solidarity1980.com\\\/?s={search_term_string}\"},\"query-input\":{\"@type\":\"PropertyValueSpecification\",\"valueRequired\":true,\"valueName\":\"search_term_string\"}}],\"inLanguage\":\"en-GB\"},{\"@type\":\"Organization\",\"@id\":\"https:\\\/\\\/solidarity1980.com\\\/#organization\",\"name\":\"1980 Le moment de solidarit\u00e9\",\"url\":\"https:\\\/\\\/solidarity1980.com\\\/\",\"logo\":{\"@type\":\"ImageObject\",\"inLanguage\":\"en-GB\",\"@id\":\"https:\\\/\\\/solidarity1980.com\\\/#\\\/schema\\\/logo\\\/image\\\/\",\"url\":\"https:\\\/\\\/solidarity1980.com\\\/wp-content\\\/uploads\\\/2023\\\/04\\\/titre_plateforme.png\",\"contentUrl\":\"https:\\\/\\\/solidarity1980.com\\\/wp-content\\\/uploads\\\/2023\\\/04\\\/titre_plateforme.png\",\"width\":786,\"height\":467,\"caption\":\"1980 Le moment de solidarit\u00e9\"},\"image\":{\"@id\":\"https:\\\/\\\/solidarity1980.com\\\/#\\\/schema\\\/logo\\\/image\\\/\"}}]}<\/script>\n<!-- \/ Yoast SEO plugin. -->","yoast_head_json":{"title":"Concours de photo et de courte vid\u00e9o\u00a0 - 1980 Le moment de solidarit\u00e9","description":"Cr\u00e9er une courte vid\u00e9o ou une s\u00e9rie de photos Solidarite dans ma vie. Toutes les contributions doivent \u00eatre envoy\u00e9es le 31.07.2023.","robots":{"index":"index","follow":"follow","max-snippet":"max-snippet:-1","max-image-preview":"max-image-preview:large","max-video-preview":"max-video-preview:-1"},"canonical":"https:\/\/solidarity1980.com\/en\/concours\/","og_locale":"en_GB","og_type":"article","og_title":"Concours de photo et de courte vid\u00e9o\u00a0 - 1980 Le moment de solidarit\u00e9","og_description":"Cr\u00e9er une courte vid\u00e9o ou une s\u00e9rie de photos Solidarite dans ma vie. Toutes les contributions doivent \u00eatre envoy\u00e9es le 31.07.2023.","og_url":"https:\/\/solidarity1980.com\/en\/concours\/","og_site_name":"1980 Le moment de solidarit\u00e9","article_modified_time":"2023-10-17T10:28:52+00:00","twitter_card":"summary_large_image","twitter_misc":{"Estimated reading time":"2 minutes"},"schema":{"@context":"https:\/\/schema.org","@graph":[{"@type":"WebPage","@id":"https:\/\/solidarity1980.com\/concours\/","url":"https:\/\/solidarity1980.com\/concours\/","name":"Concours de photo et de courte vid\u00e9o\u00a0 - 1980 Le moment de solidarit\u00e9","isPartOf":{"@id":"https:\/\/solidarity1980.com\/#website"},"datePublished":"2023-04-11T12:40:59+00:00","dateModified":"2023-10-17T10:28:52+00:00","description":"Cr\u00e9er une courte vid\u00e9o ou une s\u00e9rie de photos Solidarite dans ma vie. Toutes les contributions doivent \u00eatre envoy\u00e9es le 31.07.2023.","breadcrumb":{"@id":"https:\/\/solidarity1980.com\/concours\/#breadcrumb"},"inLanguage":"en-GB","potentialAction":[{"@type":"ReadAction","target":["https:\/\/solidarity1980.com\/concours\/"]}]},{"@type":"BreadcrumbList","@id":"https:\/\/solidarity1980.com\/concours\/#breadcrumb","itemListElement":[{"@type":"ListItem","position":1,"name":"Accueil","item":"https:\/\/solidarity1980.com\/"},{"@type":"ListItem","position":2,"name":"Concours de photo et de courte vid\u00e9o\u00a0"}]},{"@type":"WebSite","@id":"https:\/\/solidarity1980.com\/#website","url":"https:\/\/solidarity1980.com\/","name":"1980 Le moment de solidarit\u00e9","description":"1980 Le moment de solidarit\u00e9","publisher":{"@id":"https:\/\/solidarity1980.com\/#organization"},"potentialAction":[{"@type":"SearchAction","target":{"@type":"EntryPoint","urlTemplate":"https:\/\/solidarity1980.com\/?s={search_term_string}"},"query-input":{"@type":"PropertyValueSpecification","valueRequired":true,"valueName":"search_term_string"}}],"inLanguage":"en-GB"},{"@type":"Organization","@id":"https:\/\/solidarity1980.com\/#organization","name":"1980 Le moment de solidarit\u00e9","url":"https:\/\/solidarity1980.com\/","logo":{"@type":"ImageObject","inLanguage":"en-GB","@id":"https:\/\/solidarity1980.com\/#\/schema\/logo\/image\/","url":"https:\/\/solidarity1980.com\/wp-content\/uploads\/2023\/04\/titre_plateforme.png","contentUrl":"https:\/\/solidarity1980.com\/wp-content\/uploads\/2023\/04\/titre_plateforme.png","width":786,"height":467,"caption":"1980 Le moment de solidarit\u00e9"},"image":{"@id":"https:\/\/solidarity1980.com\/#\/schema\/logo\/image\/"}}]}},"wps_subtitle":"","_links":{"self":[{"href":"https:\/\/solidarity1980.com\/en\/wp-json\/wp\/v2\/pages\/26","targetHints":{"allow":["GET"]}}],"collection":[{"href":"https:\/\/solidarity1980.com\/en\/wp-json\/wp\/v2\/pages"}],"about":[{"href":"https:\/\/solidarity1980.com\/en\/wp-json\/wp\/v2\/types\/page"}],"author":[{"embeddable":true,"href":"https:\/\/solidarity1980.com\/en\/wp-json\/wp\/v2\/users\/1"}],"replies":[{"embeddable":true,"href":"https:\/\/solidarity1980.com\/en\/wp-json\/wp\/v2\/comments?post=26"}],"version-history":[{"count":48,"href":"https:\/\/solidarity1980.com\/en\/wp-json\/wp\/v2\/pages\/26\/revisions"}],"predecessor-version":[{"id":1144,"href":"https:\/\/solidarity1980.com\/en\/wp-json\/wp\/v2\/pages\/26\/revisions\/1144"}],"wp:attachment":[{"href":"https:\/\/solidarity1980.com\/en\/wp-json\/wp\/v2\/media?parent=26"}],"curies":[{"name":"wp","href":"https:\/\/api.w.org\/{rel}","templated":true}]}}