
{"id":252,"date":"2023-04-14T11:45:07","date_gmt":"2023-04-14T09:45:07","guid":{"rendered":"http:\/\/localhost:8888\/1980\/?page_id=252"},"modified":"2023-05-05T14:14:39","modified_gmt":"2023-05-05T12:14:39","slug":"actualite","status":"publish","type":"page","link":"https:\/\/solidarity1980.com\/en\/actualite\/","title":{"rendered":"News"},"content":{"rendered":"<h2 class=\"wp-block-heading\"><\/h2>\n\n\n\n<h5 class=\"wp-block-heading\">Check out our program and lastest activities<\/h5>","protected":false},"excerpt":{"rendered":"<p>Nous vous invitons \u00e0 consulter le programme de notre derni\u00e8re activit\u00e9 [&#8230;]<\/p>\n<p><a class=\"btn btn-secondary understrap-read-more-link\" href=\"https:\/\/solidarity1980.com\/en\/actualite\/\">Read More&#8230;<span class=\"screen-reader-text\"> from Actualit\u00e9<\/span><\/a><\/p>\n","protected":false},"author":1,"featured_media":0,"parent":0,"menu_order":0,"comment_status":"closed","ping_status":"closed","template":"page-templates\/blog-page.php","meta":{"footnotes":""},"class_list":["post-252","page","type-page","status-publish","hentry"],"yoast_head":"<!-- This site is optimized with the Yoast SEO plugin v27.3 - https:\/\/yoast.com\/product\/yoast-seo-wordpress\/ -->\n<title>Actualit\u00e9 - 1980 Le moment de solidarit\u00e9<\/title>\n<meta name=\"description\" content=\"Check here for our latest events and activities. You can find info about our cafe debat, workshops, podcast and other.\" \/>\n<meta name=\"robots\" content=\"index, follow, max-snippet:-1, max-image-preview:large, max-video-preview:-1\" \/>\n<link rel=\"canonical\" href=\"https:\/\/solidarity1980.com\/en\/actualite\/\" \/>\n<meta property=\"og:locale\" content=\"en_GB\" \/>\n<meta property=\"og:type\" content=\"article\" \/>\n<meta property=\"og:title\" content=\"Actualit\u00e9 - 1980 Le moment de solidarit\u00e9\" \/>\n<meta property=\"og:description\" content=\"Check here for our latest events and activities. You can find info about our cafe debat, workshops, podcast and other.\" \/>\n<meta property=\"og:url\" content=\"https:\/\/solidarity1980.com\/en\/actualite\/\" \/>\n<meta property=\"og:site_name\" content=\"1980 Le moment de solidarit\u00e9\" \/>\n<meta property=\"article:modified_time\" content=\"2023-05-05T12:14:39+00:00\" \/>\n<meta name=\"twitter:card\" content=\"summary_large_image\" \/>\n<meta name=\"twitter:label1\" content=\"Estimated reading time\" \/>\n\t<meta name=\"twitter:data1\" content=\"1 minute\" \/>\n<script type=\"application\/ld+json\" class=\"yoast-schema-graph\">{\"@context\":\"https:\\\/\\\/schema.org\",\"@graph\":[{\"@type\":\"WebPage\",\"@id\":\"https:\\\/\\\/solidarity1980.com\\\/actualite\\\/\",\"url\":\"https:\\\/\\\/solidarity1980.com\\\/actualite\\\/\",\"name\":\"Actualit\u00e9 - 1980 Le moment de solidarit\u00e9\",\"isPartOf\":{\"@id\":\"https:\\\/\\\/solidarity1980.com\\\/#website\"},\"datePublished\":\"2023-04-14T09:45:07+00:00\",\"dateModified\":\"2023-05-05T12:14:39+00:00\",\"description\":\"Check here for our latest events and activities. You can find info about our cafe debat, workshops, podcast and other.\",\"breadcrumb\":{\"@id\":\"https:\\\/\\\/solidarity1980.com\\\/actualite\\\/#breadcrumb\"},\"inLanguage\":\"en-GB\",\"potentialAction\":[{\"@type\":\"ReadAction\",\"target\":[\"https:\\\/\\\/solidarity1980.com\\\/actualite\\\/\"]}]},{\"@type\":\"BreadcrumbList\",\"@id\":\"https:\\\/\\\/solidarity1980.com\\\/actualite\\\/#breadcrumb\",\"itemListElement\":[{\"@type\":\"ListItem\",\"position\":1,\"name\":\"Accueil\",\"item\":\"https:\\\/\\\/solidarity1980.com\\\/\"},{\"@type\":\"ListItem\",\"position\":2,\"name\":\"Actualit\u00e9\"}]},{\"@type\":\"WebSite\",\"@id\":\"https:\\\/\\\/solidarity1980.com\\\/#website\",\"url\":\"https:\\\/\\\/solidarity1980.com\\\/\",\"name\":\"1980 Le moment de solidarit\u00e9\",\"description\":\"1980 Le moment de solidarit\u00e9\",\"publisher\":{\"@id\":\"https:\\\/\\\/solidarity1980.com\\\/#organization\"},\"potentialAction\":[{\"@type\":\"SearchAction\",\"target\":{\"@type\":\"EntryPoint\",\"urlTemplate\":\"https:\\\/\\\/solidarity1980.com\\\/?s={search_term_string}\"},\"query-input\":{\"@type\":\"PropertyValueSpecification\",\"valueRequired\":true,\"valueName\":\"search_term_string\"}}],\"inLanguage\":\"en-GB\"},{\"@type\":\"Organization\",\"@id\":\"https:\\\/\\\/solidarity1980.com\\\/#organization\",\"name\":\"1980 Le moment de solidarit\u00e9\",\"url\":\"https:\\\/\\\/solidarity1980.com\\\/\",\"logo\":{\"@type\":\"ImageObject\",\"inLanguage\":\"en-GB\",\"@id\":\"https:\\\/\\\/solidarity1980.com\\\/#\\\/schema\\\/logo\\\/image\\\/\",\"url\":\"https:\\\/\\\/solidarity1980.com\\\/wp-content\\\/uploads\\\/2023\\\/04\\\/titre_plateforme.png\",\"contentUrl\":\"https:\\\/\\\/solidarity1980.com\\\/wp-content\\\/uploads\\\/2023\\\/04\\\/titre_plateforme.png\",\"width\":786,\"height\":467,\"caption\":\"1980 Le moment de solidarit\u00e9\"},\"image\":{\"@id\":\"https:\\\/\\\/solidarity1980.com\\\/#\\\/schema\\\/logo\\\/image\\\/\"}}]}<\/script>\n<!-- \/ Yoast SEO plugin. -->","yoast_head_json":{"title":"Actualit\u00e9 - 1980 Le moment de solidarit\u00e9","description":"Check here for our latest events and activities. You can find info about our cafe debat, workshops, podcast and other.","robots":{"index":"index","follow":"follow","max-snippet":"max-snippet:-1","max-image-preview":"max-image-preview:large","max-video-preview":"max-video-preview:-1"},"canonical":"https:\/\/solidarity1980.com\/en\/actualite\/","og_locale":"en_GB","og_type":"article","og_title":"Actualit\u00e9 - 1980 Le moment de solidarit\u00e9","og_description":"Check here for our latest events and activities. You can find info about our cafe debat, workshops, podcast and other.","og_url":"https:\/\/solidarity1980.com\/en\/actualite\/","og_site_name":"1980 Le moment de solidarit\u00e9","article_modified_time":"2023-05-05T12:14:39+00:00","twitter_card":"summary_large_image","twitter_misc":{"Estimated reading time":"1 minute"},"schema":{"@context":"https:\/\/schema.org","@graph":[{"@type":"WebPage","@id":"https:\/\/solidarity1980.com\/actualite\/","url":"https:\/\/solidarity1980.com\/actualite\/","name":"Actualit\u00e9 - 1980 Le moment de solidarit\u00e9","isPartOf":{"@id":"https:\/\/solidarity1980.com\/#website"},"datePublished":"2023-04-14T09:45:07+00:00","dateModified":"2023-05-05T12:14:39+00:00","description":"Check here for our latest events and activities. You can find info about our cafe debat, workshops, podcast and other.","breadcrumb":{"@id":"https:\/\/solidarity1980.com\/actualite\/#breadcrumb"},"inLanguage":"en-GB","potentialAction":[{"@type":"ReadAction","target":["https:\/\/solidarity1980.com\/actualite\/"]}]},{"@type":"BreadcrumbList","@id":"https:\/\/solidarity1980.com\/actualite\/#breadcrumb","itemListElement":[{"@type":"ListItem","position":1,"name":"Accueil","item":"https:\/\/solidarity1980.com\/"},{"@type":"ListItem","position":2,"name":"Actualit\u00e9"}]},{"@type":"WebSite","@id":"https:\/\/solidarity1980.com\/#website","url":"https:\/\/solidarity1980.com\/","name":"1980 Le moment de solidarit\u00e9","description":"1980 Le moment de solidarit\u00e9","publisher":{"@id":"https:\/\/solidarity1980.com\/#organization"},"potentialAction":[{"@type":"SearchAction","target":{"@type":"EntryPoint","urlTemplate":"https:\/\/solidarity1980.com\/?s={search_term_string}"},"query-input":{"@type":"PropertyValueSpecification","valueRequired":true,"valueName":"search_term_string"}}],"inLanguage":"en-GB"},{"@type":"Organization","@id":"https:\/\/solidarity1980.com\/#organization","name":"1980 Le moment de solidarit\u00e9","url":"https:\/\/solidarity1980.com\/","logo":{"@type":"ImageObject","inLanguage":"en-GB","@id":"https:\/\/solidarity1980.com\/#\/schema\/logo\/image\/","url":"https:\/\/solidarity1980.com\/wp-content\/uploads\/2023\/04\/titre_plateforme.png","contentUrl":"https:\/\/solidarity1980.com\/wp-content\/uploads\/2023\/04\/titre_plateforme.png","width":786,"height":467,"caption":"1980 Le moment de solidarit\u00e9"},"image":{"@id":"https:\/\/solidarity1980.com\/#\/schema\/logo\/image\/"}}]}},"wps_subtitle":"","_links":{"self":[{"href":"https:\/\/solidarity1980.com\/en\/wp-json\/wp\/v2\/pages\/252","targetHints":{"allow":["GET"]}}],"collection":[{"href":"https:\/\/solidarity1980.com\/en\/wp-json\/wp\/v2\/pages"}],"about":[{"href":"https:\/\/solidarity1980.com\/en\/wp-json\/wp\/v2\/types\/page"}],"author":[{"embeddable":true,"href":"https:\/\/solidarity1980.com\/en\/wp-json\/wp\/v2\/users\/1"}],"replies":[{"embeddable":true,"href":"https:\/\/solidarity1980.com\/en\/wp-json\/wp\/v2\/comments?post=252"}],"version-history":[{"count":4,"href":"https:\/\/solidarity1980.com\/en\/wp-json\/wp\/v2\/pages\/252\/revisions"}],"predecessor-version":[{"id":1098,"href":"https:\/\/solidarity1980.com\/en\/wp-json\/wp\/v2\/pages\/252\/revisions\/1098"}],"wp:attachment":[{"href":"https:\/\/solidarity1980.com\/en\/wp-json\/wp\/v2\/media?parent=252"}],"curies":[{"name":"wp","href":"https:\/\/api.w.org\/{rel}","templated":true}]}}