
{"id":25,"date":"2023-04-11T14:40:51","date_gmt":"2023-04-11T12:40:51","guid":{"rendered":"http:\/\/localhost:8888\/1980\/?page_id=22"},"modified":"2025-01-30T15:52:01","modified_gmt":"2025-01-30T14:52:01","slug":"podcasts","status":"publish","type":"page","link":"https:\/\/solidarity1980.com\/en\/podcasts\/","title":{"rendered":"Podcasts"},"content":{"rendered":"<h2 class=\"wp-block-heading\"><em>Plural Solidarities<\/em><\/h2>\n\n\n\n<h5 class=\"wp-block-heading\">The Plural Solidarities podcasts offer interviews with historians and historical actors on commitment and solidarity mobilisation, as well as insights and ideas to make us reflect on present times.\u202f\u202f<\/h5>\n\n\n\n<p><\/p>\n\n\n\n<div style=\"height:46px\" aria-hidden=\"true\" class=\"wp-block-spacer\"><\/div>\n\n\n\n<div class=\"wp-block-columns podcast-wrapper is-layout-flex wp-container-core-columns-is-layout-9d6595d7 wp-block-columns-is-layout-flex\">\n<div class=\"wp-block-column is-vertically-aligned-stretch is-layout-flow wp-block-column-is-layout-flow\">\n<p class=\"podcast-description\"><\/p>\n<\/div>\n\n\n\n<div class=\"wp-block-column is-vertically-aligned-stretch is-layout-flow wp-block-column-is-layout-flow\">\n<p class=\"podcast-description\"><\/p>\n<\/div>\n\n\n\n<div class=\"wp-block-column is-vertically-aligned-stretch podcast yellow is-layout-flow wp-block-column-is-layout-flow\">\n<h3 class=\"wp-block-heading\">Episode 6<\/h3>\n\n\n\n<p class=\"has-text-align-right\">Avec Renata Lata\u0142a et<br>Ir\u00e8ne Herrmann<br><\/p>\n\n\n\n<h2 class=\"wp-block-heading\"><span> \u00abSolidarit\u00e9 avec Solidarno\u015b\u0107\u00bb en Suisse<\/span><\/h2>\n\n\n<div class=\"wp-block-image\">\n<figure class=\"aligncenter size-full\"><img loading=\"lazy\" decoding=\"async\" width=\"584\" height=\"531\" src=\"https:\/\/solidarity1980.com\/wp-content\/uploads\/2024\/09\/episode-6.jpg\" alt=\"\" class=\"wp-image-1506\" srcset=\"https:\/\/solidarity1980.com\/wp-content\/uploads\/2024\/09\/episode-6.jpg 584w, https:\/\/solidarity1980.com\/wp-content\/uploads\/2024\/09\/episode-6-13x12.jpg 13w\" sizes=\"auto, (max-width: 584px) 100vw, 584px\" \/><\/figure>\n<\/div>\n\n\n<figure class=\"wp-block-audio\"><audio controls src=\"https:\/\/solidarity1980.com\/wp-content\/uploads\/2025\/01\/EP6_Solidarite_avec_Solidarnosc_en_Suisse.mp3\"><\/audio><\/figure>\n\n\n\n<h2 class=\"wp-block-heading podcast-description has-small-font-size\"><br>Photo:&nbsp;Renata Lata\u0142a<\/h2>\n<\/div>\n<\/div>\n\n\n\n<div class=\"wp-block-columns podcast-wrapper is-layout-flex wp-container-core-columns-is-layout-9d6595d7 wp-block-columns-is-layout-flex\">\n<div class=\"wp-block-column is-vertically-aligned-stretch podcast cyan is-layout-flow wp-block-column-is-layout-flow\">\n<h3 class=\"wp-block-heading\">Episode 5<\/h3>\n\n\n\n<p class=\"has-text-align-right\">With Patryk Pleskot and <br>Renata Lata\u0142a <br><\/p>\n\n\n\n<h2 class=\"wp-block-heading has-text-align-left\"><span><span><span><span><span><span><span>Solidarno\u015b\u0107 \u2013 \u201ca Polish experience\u201d  that never ceases to raise questions&nbsp;<\/span><\/span><\/span><\/span><\/span><\/span><\/span><p style=\"margin: 0cm; font-size: 11pt; font-family: Calibri, sans-serif; color: rgb(0, 0, 0); white-space-collapse: collapse; text-align: justify;\"><span lang=\"FR\" style=\"font-size: 12pt; font-family: &quot;Times New Roman&quot;, serif;\"><\/span><\/p><\/h2>\n\n\n\n<h2 class=\"wp-block-heading has-text-align-left\"><br><\/h2>\n\n\n<div class=\"wp-block-image\">\n<figure class=\"aligncenter size-full\"><img loading=\"lazy\" decoding=\"async\" width=\"2560\" height=\"1839\" src=\"https:\/\/solidarity1980.com\/wp-content\/uploads\/2024\/03\/AHP-SOLI-PH_537-scaled.jpg\" alt=\"\" class=\"wp-image-1366\" srcset=\"https:\/\/solidarity1980.com\/wp-content\/uploads\/2024\/03\/AHP-SOLI-PH_537-scaled.jpg 2560w, https:\/\/solidarity1980.com\/wp-content\/uploads\/2024\/03\/AHP-SOLI-PH_537-800x575.jpg 800w, https:\/\/solidarity1980.com\/wp-content\/uploads\/2024\/03\/AHP-SOLI-PH_537-1024x736.jpg 1024w, https:\/\/solidarity1980.com\/wp-content\/uploads\/2024\/03\/AHP-SOLI-PH_537-768x552.jpg 768w, https:\/\/solidarity1980.com\/wp-content\/uploads\/2024\/03\/AHP-SOLI-PH_537-1536x1103.jpg 1536w, https:\/\/solidarity1980.com\/wp-content\/uploads\/2024\/03\/AHP-SOLI-PH_537-2048x1471.jpg 2048w, https:\/\/solidarity1980.com\/wp-content\/uploads\/2024\/03\/AHP-SOLI-PH_537-18x12.jpg 18w\" sizes=\"auto, (max-width: 2560px) 100vw, 2560px\" \/><\/figure>\n<\/div>\n\n\n<figure class=\"wp-block-audio\"><audio controls src=\"https:\/\/solidarity1980.com\/wp-content\/uploads\/2024\/09\/PODCAST_-Solidarity_episode_5.mp3\"><\/audio><\/figure>\n\n\n\n<p class=\"podcast-description translation-block\">What was the experience of Solidarno\u015b\u0107, which, in the 1980s, captured the world\u2019s\nattention and whose cause gave rise to one of the greatest global mobilisation? What\ndoes the word \"solidarity,\" which gives coherence to the movement, mean: is it an\nideal, a societal project, a value? How was this solidarity experienced by Polish\nsociety, and how was it perceived from the outside? How did Western European\ncountries view this movement?<br>To shed light on these many questions, I invite you to revisit one of the key moments\nin 20th-century history: the emergence of Solidarno\u015b\u0107 in Poland, with Professor\nPatryk Pleskot, historian and researcher at the Institute of National Remembrance in\nWarsaw and the University of Rzesz\u00f3w, one of the leading specialists on the history\nof the Solidarno\u015b\u0107 movement.<\/p>\n\n\n\n<p class=\"podcast-description has-small-font-size\">Photo: Archivum Helveto-Polonicum, AHP-SOl<\/p>\n<\/div>\n\n\n\n<div class=\"wp-block-column is-vertically-aligned-stretch podcast is-layout-flow wp-block-column-is-layout-flow\">\n<h3 class=\"wp-block-heading\">Episode 4<\/h3>\n\n\n\n<p class=\"has-text-align-right\">With Jeremy Adelman and<br>Ir\u00e8ne Herrmann<br><\/p>\n\n\n\n<h2 class=\"wp-block-heading has-text-align-left\"><span>Solidarity v. Interdependence (20'20<span><span><span><span><span><span>''<\/span><\/span><\/span><\/span><\/span><\/span>)<\/span><br><\/h2>\n\n\n<div class=\"wp-block-image\">\n<figure class=\"aligncenter size-full\"><img loading=\"lazy\" decoding=\"async\" width=\"770\" height=\"575\" src=\"https:\/\/solidarity1980.com\/wp-content\/uploads\/2023\/08\/20-sqzUCcnHRPa5dHbw3d35WMUvZHCF2d2DFvhc2JSG-1.jpeg\" alt=\"\" class=\"wp-image-1022\" srcset=\"https:\/\/solidarity1980.com\/wp-content\/uploads\/2023\/08\/20-sqzUCcnHRPa5dHbw3d35WMUvZHCF2d2DFvhc2JSG-1.jpeg 770w, https:\/\/solidarity1980.com\/wp-content\/uploads\/2023\/08\/20-sqzUCcnHRPa5dHbw3d35WMUvZHCF2d2DFvhc2JSG-1-768x574.jpeg 768w, https:\/\/solidarity1980.com\/wp-content\/uploads\/2023\/08\/20-sqzUCcnHRPa5dHbw3d35WMUvZHCF2d2DFvhc2JSG-1-16x12.jpeg 16w\" sizes=\"auto, (max-width: 770px) 100vw, 770px\" \/><\/figure>\n<\/div>\n\n\n<figure class=\"wp-block-audio\"><audio controls src=\"https:\/\/solidarity1980.com\/wp-content\/uploads\/2023\/09\/Podcast-2_Herrmann-et-Adelman.mp3\"><\/audio><\/figure>\n\n\n\n<p class=\"podcast-description translation-block\">Solidarity refers to a specific attitude of compassion. Unlike other altruistic behaviours, such as dedication or sacrifice, it does not presuppose total disinterestedness on the part of the promoters of aid. On the contrary, their behaviour stems from an acute awareness of sharing a common fate. Is the intensification of economic interdependence between societies at the root of the surges of solidarity that have marked the twentieth and twenty-first centuries ? Jeremy Adelman (Princeton) and Ir\u00e8ne Herrmann (Unige) will answer this question. More broadly, they will look at the interactions between solidarity and the contours of the universe in which it is expressed.<\/p>\n\n\n\n<p class=\"podcast-description has-small-font-size\">Picture : Peaceful protest. 1st January, 1973. Saint-Vulbas, France. Pierre Aud\u00e9ou. Workers Power (L5I) 028 (1982.01). <\/p>\n<\/div>\n\n\n\n<div class=\"wp-block-column is-vertically-aligned-stretch podcast pink is-layout-flow wp-block-column-is-layout-flow\">\n<h3 class=\"wp-block-heading\">Episode 3<\/h3>\n\n\n\n<p class=\"has-text-align-right\">With Fran\u00e7ois Rochaix and<br>Renata Lata\u0142a<br><\/p>\n\n\n\n<h2 class=\"wp-block-heading\"><span><span>Artists who commit...<br>The International Association for the Defense of Artists Victims of Repression Worldwide<em> <\/em>(27\u201913<span><span><span><span>''<\/span><\/span><\/span><\/span>)<\/span><\/span><\/h2>\n\n\n<div class=\"wp-block-image\">\n<figure class=\"aligncenter size-large\"><img loading=\"lazy\" decoding=\"async\" width=\"2352\" height=\"1604\" src=\"https:\/\/solidarity1980.com\/wp-content\/uploads\/2023\/06\/IMG_2494-edited.jpg\" alt=\"\" class=\"wp-image-977\" srcset=\"https:\/\/solidarity1980.com\/wp-content\/uploads\/2023\/06\/IMG_2494-edited.jpg 2352w, https:\/\/solidarity1980.com\/wp-content\/uploads\/2023\/06\/IMG_2494-edited-800x546.jpg 800w, https:\/\/solidarity1980.com\/wp-content\/uploads\/2023\/06\/IMG_2494-edited-1024x698.jpg 1024w, https:\/\/solidarity1980.com\/wp-content\/uploads\/2023\/06\/IMG_2494-edited-768x524.jpg 768w, https:\/\/solidarity1980.com\/wp-content\/uploads\/2023\/06\/IMG_2494-edited-1536x1048.jpg 1536w, https:\/\/solidarity1980.com\/wp-content\/uploads\/2023\/06\/IMG_2494-edited-2048x1397.jpg 2048w, https:\/\/solidarity1980.com\/wp-content\/uploads\/2023\/06\/IMG_2494-edited-18x12.jpg 18w\" sizes=\"auto, (max-width: 2352px) 100vw, 2352px\" \/><\/figure>\n<\/div>\n\n\n<figure class=\"wp-block-audio\"><audio controls src=\"https:\/\/solidarity1980.com\/wp-content\/uploads\/2023\/08\/FINAL-AIDA_MIX-6db.mp3\"><\/audio><\/figure>\n\n\n\n<p class=\"podcast-description\">Artists who commit... <br><em>The International Association for the Defense of Artists Victims of Repression Worldwide<\/em>.<br>Rester attentif \u00e0 l&rsquo;actualit\u00e9, d\u00e9fendre la libert\u00e9 d&rsquo;expression, sensibiliser sur la r\u00e9pression politique. Tels sont les ma\u00eetres mots de cette association de d\u00e9fense des artistes emprisonn\u00e9s ou censur\u00e9s. Cr\u00e9\u00e9e en 1979, elle organise de nombreuses actions afin de mobiliser l&rsquo;opinion publique pour la cause de ces artistes victimes de r\u00e9pression politique.<br>Fran\u00e7ois Rochaix, metteur en sc\u00e8ne et l&rsquo;un des fondateurs d\u2019AIDA revient sur les \u00e9v\u00e9nements qui ont marqu\u00e9 l&rsquo;exp\u00e9rience d&rsquo;AIDA en passant par le Chili la Tch\u00e9coslovaquie et la Suisse. La d\u00e9fense d&rsquo;artistes, par des artistes.<\/p>\n\n\n\n<p class=\"podcast-description has-small-font-size\"><br>Photo:&nbsp;Fonds AIDA, Coll\u00e8ge du travail. <\/p>\n<\/div>\n<\/div>\n\n\n\n<div class=\"wp-block-columns podcast-wrapper is-layout-flex wp-container-core-columns-is-layout-9d6595d7 wp-block-columns-is-layout-flex\">\n<div class=\"wp-block-column podcast is-layout-flow wp-block-column-is-layout-flow\">\n<h3 class=\"wp-block-heading\">Episode 2<\/h3>\n\n\n\n<p class=\"has-text-align-right\">With Fran\u00e7ois\u00a0Courvoisier and<br>Ir\u00e8ne&nbsp;Herrmann <br><\/p>\n\n\n\n<h2 class=\"wp-block-heading\"><span><span><em>African Charter on Human and Peoples' Rights.<\/em>The momentum of solidarity rights (7<span><span><em>'58''<\/em><\/span><\/span>)<\/span><\/span><\/h2>\n\n\n\n<figure class=\"wp-block-image size-full\"><img loading=\"lazy\" decoding=\"async\" width=\"1000\" height=\"795\" src=\"https:\/\/solidarity1980.com\/wp-content\/uploads\/2023\/05\/photo-pour-le-podcast-nr2-1.jpg\" alt=\"\" class=\"wp-image-722\" srcset=\"https:\/\/solidarity1980.com\/wp-content\/uploads\/2023\/05\/photo-pour-le-podcast-nr2-1.jpg 1000w, https:\/\/solidarity1980.com\/wp-content\/uploads\/2023\/05\/photo-pour-le-podcast-nr2-1-800x636.jpg 800w, https:\/\/solidarity1980.com\/wp-content\/uploads\/2023\/05\/photo-pour-le-podcast-nr2-1-768x611.jpg 768w, https:\/\/solidarity1980.com\/wp-content\/uploads\/2023\/05\/photo-pour-le-podcast-nr2-1-15x12.jpg 15w\" sizes=\"auto, (max-width: 1000px) 100vw, 1000px\" \/><\/figure>\n\n\n\n<figure class=\"wp-block-audio\"><audio controls src=\"https:\/\/solidarity1980.com\/wp-content\/uploads\/2023\/06\/Podcast-2_Final_Fini.mp3\"><\/audio><\/figure>\n\n\n\n<p class=\"podcast-description\">Adopted in 1981 by the member countries of the Organization of African Unity (OAU), the African Charter on Human and Peoples' Rights illustrates the process of universalizing human rights, one of the UN's essential missions. The final text includes an unprecedented catalog of five articles devoted to the rights of peoples. These collective rights are categorized as a third generation of human rights, under the banner of solidarity rights.&nbsp;<br>The study of the conceptualization and adoption processes of the African Charter allows us to analyze what constitutes a crucial moment in the history of human rights, by differentiating the conceptual contribution from their contested qualification and categorization.<\/p>\n\n\n\n<p class=\"podcast-description has-small-font-size\"><br>Photo:&nbsp;\u00a9<em>Celebrating the African Charter at 30. A guide to the African Human Rights System,<\/em>&nbsp;2011.<\/p>\n<\/div>\n\n\n\n<div class=\"wp-block-column podcast cyan is-layout-flow wp-block-column-is-layout-flow\">\n<h3 class=\"wp-block-heading\">Episode 1<\/h3>\n\n\n\n<p class=\"has-text-align-right\">With Ir\u00e8ne Herrmann and<br>Renata&nbsp;Lata\u0142a<br><\/p>\n\n\n\n<h2 class=\"wp-block-heading\"><span><span><em>Plural Solidarities<\/em><\/span><\/span><br><span><span>The inside story of a concept (<span><span><em>7'08''<\/em><\/span><\/span>)<\/span><\/span><\/h2>\n\n\n\n<figure class=\"wp-block-image size-full\"><img loading=\"lazy\" decoding=\"async\" width=\"1000\" height=\"795\" src=\"https:\/\/solidarity1980.com\/wp-content\/uploads\/2023\/05\/AHP-MA-GRU-BE_002_-Berm-19-dec.-1981-1.jpg\" alt=\"\" class=\"wp-image-774\" srcset=\"https:\/\/solidarity1980.com\/wp-content\/uploads\/2023\/05\/AHP-MA-GRU-BE_002_-Berm-19-dec.-1981-1.jpg 1000w, https:\/\/solidarity1980.com\/wp-content\/uploads\/2023\/05\/AHP-MA-GRU-BE_002_-Berm-19-dec.-1981-1-800x636.jpg 800w, https:\/\/solidarity1980.com\/wp-content\/uploads\/2023\/05\/AHP-MA-GRU-BE_002_-Berm-19-dec.-1981-1-768x611.jpg 768w, https:\/\/solidarity1980.com\/wp-content\/uploads\/2023\/05\/AHP-MA-GRU-BE_002_-Berm-19-dec.-1981-1-15x12.jpg 15w\" sizes=\"auto, (max-width: 1000px) 100vw, 1000px\" \/><\/figure>\n\n\n\n<figure class=\"wp-block-audio\"><audio controls src=\"https:\/\/solidarity1980.com\/wp-content\/uploads\/2023\/05\/Podcast-Episode-1-with-intro-3.1-and-end-2.0_pause.mp3\"><\/audio><\/figure>\n\n\n\n<p class=\"podcast-description\">Around 1980, there was a spectacular fad for the notion of solidarity. From Poland to Africa, from UN diplomats to popular gatherings, this word seems have been on everyone\u2019s lips. The idea of this project was born out of this observation. Its aim is not only to decipher the reasons for the craze, but also to grasp the causes inherent in the functioning of this concept and to understand what it means for the societies that express it.  \nBeyond the events that marked the end of the Cold War, this investigation aspires to give answers to the more general questions that solidarity, in its many variations, poses both in the past and in the present.&nbsp;<\/p>\n\n\n\n<p class=\"podcast-description has-small-font-size\">* Photo: Manifestation en faveur de Solidarno\u015b\u0107 \u00e0 Berne, 19 d\u00e9c.&nbsp;1981 \u00a9 Jacek Sygnarski, Fondation Archivum Helveto-Polonicum.<\/p>\n<\/div>\n\n\n\n<div class=\"wp-block-column podcast pink is-layout-flow wp-block-column-is-layout-flow\">\n<h3 class=\"wp-block-heading\">Invitation<\/h3>\n\n\n\n<p class=\"has-text-align-right\">With<br>Renata&nbsp;Lata\u0142a<br><\/p>\n\n\n\n<h2 class=\"wp-block-heading\"><span>New Podcast <span><em>Plural Solidarities (2\u201936\u2019\u2019)<\/em><\/span><\/span><\/h2>\n\n\n\n<figure class=\"wp-block-image size-full\"><img loading=\"lazy\" decoding=\"async\" width=\"1000\" height=\"795\" src=\"https:\/\/solidarity1980.com\/wp-content\/uploads\/2023\/04\/5.IMG_0130_nb.jpg\" alt=\"\" class=\"wp-image-321\" srcset=\"https:\/\/solidarity1980.com\/wp-content\/uploads\/2023\/04\/5.IMG_0130_nb.jpg 1000w, https:\/\/solidarity1980.com\/wp-content\/uploads\/2023\/04\/5.IMG_0130_nb-800x636.jpg 800w, https:\/\/solidarity1980.com\/wp-content\/uploads\/2023\/04\/5.IMG_0130_nb-768x611.jpg 768w, https:\/\/solidarity1980.com\/wp-content\/uploads\/2023\/04\/5.IMG_0130_nb-15x12.jpg 15w\" sizes=\"auto, (max-width: 1000px) 100vw, 1000px\" \/><\/figure>\n\n\n\n<figure class=\"wp-block-audio\"><audio controls src=\"https:\/\/solidarity1980.com\/wp-content\/uploads\/2023\/05\/Podcast-Invite-2.0.mp3\"><\/audio><\/figure>\n\n\n\n<p class=\"podcast-description\">Welcome to our new podcast channel Plural Solidarities. \nThe first episode will be released in May.\nPlease find here teaser we prepared for you (2\u201936\u2019\u2019, FR). Enjoy!<\/p>\n<\/div>\n<\/div>\n\n\n\n<p class=\"has-small-font-size\"><\/p>","protected":false},"excerpt":{"rendered":"<p>Solidarit\u00e9s plurielles Les podcasts \u00abSolidarit\u00e9s plurielles\u00bb proposent des entretiens avec des historiens et des acteurs de l\u2019histoire sur les th\u00e8mes de l\u2019engagement et de la mobilisation solidaire, ainsi que des \u00e9clairages invitant \u00e0 r\u00e9fl\u00e9chir sur nos temps pr\u00e9sents. Episode 6 Avec Renata Lata\u0142a etIr\u00e8ne Herrmann \u00abSolidarit\u00e9 avec Solidarno\u015b\u0107\u00bb en Suisse Photo:&nbsp;Renata Lata\u0142a Episode 5 Avec [&#8230;]<\/p>\n<p><a class=\"btn btn-secondary understrap-read-more-link\" href=\"https:\/\/solidarity1980.com\/en\/podcasts\/\">Read More&#8230;<span class=\"screen-reader-text\"> from Podcasts<\/span><\/a><\/p>\n","protected":false},"author":1,"featured_media":0,"parent":0,"menu_order":0,"comment_status":"closed","ping_status":"closed","template":"page-templates\/podcasts-page.php","meta":{"footnotes":""},"class_list":["post-25","page","type-page","status-publish","hentry"],"yoast_head":"<!-- This site is optimized with the Yoast SEO plugin v27.4 - https:\/\/yoast.com\/product\/yoast-seo-wordpress\/ -->\n<title>Podcasts - 1980 Le moment de solidarit\u00e9<\/title>\n<meta name=\"description\" content=\"Le podcast Solidarit\u00e9s plurielles vous proposent des entretiens avec des historiens et des acteurs de l\u2019histoire.\" \/>\n<meta name=\"robots\" content=\"index, follow, max-snippet:-1, max-image-preview:large, max-video-preview:-1\" \/>\n<link rel=\"canonical\" href=\"https:\/\/solidarity1980.com\/en\/podcasts\/\" \/>\n<meta property=\"og:locale\" content=\"en_GB\" \/>\n<meta property=\"og:type\" content=\"article\" \/>\n<meta property=\"og:title\" content=\"Podcasts - 1980 Le moment de solidarit\u00e9\" \/>\n<meta property=\"og:description\" content=\"Le podcast Solidarit\u00e9s plurielles vous proposent des entretiens avec des historiens et des acteurs de l\u2019histoire.\" \/>\n<meta property=\"og:url\" content=\"https:\/\/solidarity1980.com\/en\/podcasts\/\" \/>\n<meta property=\"og:site_name\" content=\"1980 Le moment de solidarit\u00e9\" \/>\n<meta property=\"article:modified_time\" content=\"2025-01-30T14:52:01+00:00\" \/>\n<meta property=\"og:image\" content=\"https:\/\/solidarity1980.com\/wp-content\/uploads\/2024\/09\/episode-6.jpg\" \/>\n\t<meta property=\"og:image:width\" content=\"584\" \/>\n\t<meta property=\"og:image:height\" content=\"531\" \/>\n\t<meta property=\"og:image:type\" content=\"image\/jpeg\" \/>\n<meta name=\"twitter:card\" content=\"summary_large_image\" \/>\n<meta name=\"twitter:label1\" content=\"Estimated reading time\" \/>\n\t<meta name=\"twitter:data1\" content=\"6 minutes\" \/>\n<script type=\"application\/ld+json\" class=\"yoast-schema-graph\">{\"@context\":\"https:\\\/\\\/schema.org\",\"@graph\":[{\"@type\":\"WebPage\",\"@id\":\"https:\\\/\\\/solidarity1980.com\\\/podcasts\\\/\",\"url\":\"https:\\\/\\\/solidarity1980.com\\\/podcasts\\\/\",\"name\":\"Podcasts - 1980 Le moment de solidarit\u00e9\",\"isPartOf\":{\"@id\":\"https:\\\/\\\/solidarity1980.com\\\/#website\"},\"primaryImageOfPage\":{\"@id\":\"https:\\\/\\\/solidarity1980.com\\\/podcasts\\\/#primaryimage\"},\"image\":{\"@id\":\"https:\\\/\\\/solidarity1980.com\\\/podcasts\\\/#primaryimage\"},\"thumbnailUrl\":\"https:\\\/\\\/solidarity1980.com\\\/wp-content\\\/uploads\\\/2024\\\/09\\\/episode-6.jpg\",\"datePublished\":\"2023-04-11T12:40:51+00:00\",\"dateModified\":\"2025-01-30T14:52:01+00:00\",\"description\":\"Le podcast Solidarit\u00e9s plurielles vous proposent des entretiens avec des historiens et des acteurs de l\u2019histoire.\",\"breadcrumb\":{\"@id\":\"https:\\\/\\\/solidarity1980.com\\\/podcasts\\\/#breadcrumb\"},\"inLanguage\":\"en-GB\",\"potentialAction\":[{\"@type\":\"ReadAction\",\"target\":[\"https:\\\/\\\/solidarity1980.com\\\/podcasts\\\/\"]}]},{\"@type\":\"ImageObject\",\"inLanguage\":\"en-GB\",\"@id\":\"https:\\\/\\\/solidarity1980.com\\\/podcasts\\\/#primaryimage\",\"url\":\"https:\\\/\\\/solidarity1980.com\\\/wp-content\\\/uploads\\\/2024\\\/09\\\/episode-6.jpg\",\"contentUrl\":\"https:\\\/\\\/solidarity1980.com\\\/wp-content\\\/uploads\\\/2024\\\/09\\\/episode-6.jpg\"},{\"@type\":\"BreadcrumbList\",\"@id\":\"https:\\\/\\\/solidarity1980.com\\\/podcasts\\\/#breadcrumb\",\"itemListElement\":[{\"@type\":\"ListItem\",\"position\":1,\"name\":\"Accueil\",\"item\":\"https:\\\/\\\/solidarity1980.com\\\/\"},{\"@type\":\"ListItem\",\"position\":2,\"name\":\"Podcasts\"}]},{\"@type\":\"WebSite\",\"@id\":\"https:\\\/\\\/solidarity1980.com\\\/#website\",\"url\":\"https:\\\/\\\/solidarity1980.com\\\/\",\"name\":\"1980 Le moment de solidarit\u00e9\",\"description\":\"1980 Le moment de solidarit\u00e9\",\"publisher\":{\"@id\":\"https:\\\/\\\/solidarity1980.com\\\/#organization\"},\"potentialAction\":[{\"@type\":\"SearchAction\",\"target\":{\"@type\":\"EntryPoint\",\"urlTemplate\":\"https:\\\/\\\/solidarity1980.com\\\/?s={search_term_string}\"},\"query-input\":{\"@type\":\"PropertyValueSpecification\",\"valueRequired\":true,\"valueName\":\"search_term_string\"}}],\"inLanguage\":\"en-GB\"},{\"@type\":\"Organization\",\"@id\":\"https:\\\/\\\/solidarity1980.com\\\/#organization\",\"name\":\"1980 Le moment de solidarit\u00e9\",\"url\":\"https:\\\/\\\/solidarity1980.com\\\/\",\"logo\":{\"@type\":\"ImageObject\",\"inLanguage\":\"en-GB\",\"@id\":\"https:\\\/\\\/solidarity1980.com\\\/#\\\/schema\\\/logo\\\/image\\\/\",\"url\":\"https:\\\/\\\/solidarity1980.com\\\/wp-content\\\/uploads\\\/2023\\\/04\\\/titre_plateforme.png\",\"contentUrl\":\"https:\\\/\\\/solidarity1980.com\\\/wp-content\\\/uploads\\\/2023\\\/04\\\/titre_plateforme.png\",\"width\":786,\"height\":467,\"caption\":\"1980 Le moment de solidarit\u00e9\"},\"image\":{\"@id\":\"https:\\\/\\\/solidarity1980.com\\\/#\\\/schema\\\/logo\\\/image\\\/\"}}]}<\/script>\n<!-- \/ Yoast SEO plugin. -->","yoast_head_json":{"title":"Podcasts - 1980 Le moment de solidarit\u00e9","description":"Le podcast Solidarit\u00e9s plurielles vous proposent des entretiens avec des historiens et des acteurs de l\u2019histoire.","robots":{"index":"index","follow":"follow","max-snippet":"max-snippet:-1","max-image-preview":"max-image-preview:large","max-video-preview":"max-video-preview:-1"},"canonical":"https:\/\/solidarity1980.com\/en\/podcasts\/","og_locale":"en_GB","og_type":"article","og_title":"Podcasts - 1980 Le moment de solidarit\u00e9","og_description":"Le podcast Solidarit\u00e9s plurielles vous proposent des entretiens avec des historiens et des acteurs de l\u2019histoire.","og_url":"https:\/\/solidarity1980.com\/en\/podcasts\/","og_site_name":"1980 Le moment de solidarit\u00e9","article_modified_time":"2025-01-30T14:52:01+00:00","og_image":[{"width":584,"height":531,"url":"https:\/\/solidarity1980.com\/wp-content\/uploads\/2024\/09\/episode-6.jpg","type":"image\/jpeg"}],"twitter_card":"summary_large_image","twitter_misc":{"Estimated reading time":"6 minutes"},"schema":{"@context":"https:\/\/schema.org","@graph":[{"@type":"WebPage","@id":"https:\/\/solidarity1980.com\/podcasts\/","url":"https:\/\/solidarity1980.com\/podcasts\/","name":"Podcasts - 1980 Le moment de solidarit\u00e9","isPartOf":{"@id":"https:\/\/solidarity1980.com\/#website"},"primaryImageOfPage":{"@id":"https:\/\/solidarity1980.com\/podcasts\/#primaryimage"},"image":{"@id":"https:\/\/solidarity1980.com\/podcasts\/#primaryimage"},"thumbnailUrl":"https:\/\/solidarity1980.com\/wp-content\/uploads\/2024\/09\/episode-6.jpg","datePublished":"2023-04-11T12:40:51+00:00","dateModified":"2025-01-30T14:52:01+00:00","description":"Le podcast Solidarit\u00e9s plurielles vous proposent des entretiens avec des historiens et des acteurs de l\u2019histoire.","breadcrumb":{"@id":"https:\/\/solidarity1980.com\/podcasts\/#breadcrumb"},"inLanguage":"en-GB","potentialAction":[{"@type":"ReadAction","target":["https:\/\/solidarity1980.com\/podcasts\/"]}]},{"@type":"ImageObject","inLanguage":"en-GB","@id":"https:\/\/solidarity1980.com\/podcasts\/#primaryimage","url":"https:\/\/solidarity1980.com\/wp-content\/uploads\/2024\/09\/episode-6.jpg","contentUrl":"https:\/\/solidarity1980.com\/wp-content\/uploads\/2024\/09\/episode-6.jpg"},{"@type":"BreadcrumbList","@id":"https:\/\/solidarity1980.com\/podcasts\/#breadcrumb","itemListElement":[{"@type":"ListItem","position":1,"name":"Accueil","item":"https:\/\/solidarity1980.com\/"},{"@type":"ListItem","position":2,"name":"Podcasts"}]},{"@type":"WebSite","@id":"https:\/\/solidarity1980.com\/#website","url":"https:\/\/solidarity1980.com\/","name":"1980 Le moment de solidarit\u00e9","description":"1980 Le moment de solidarit\u00e9","publisher":{"@id":"https:\/\/solidarity1980.com\/#organization"},"potentialAction":[{"@type":"SearchAction","target":{"@type":"EntryPoint","urlTemplate":"https:\/\/solidarity1980.com\/?s={search_term_string}"},"query-input":{"@type":"PropertyValueSpecification","valueRequired":true,"valueName":"search_term_string"}}],"inLanguage":"en-GB"},{"@type":"Organization","@id":"https:\/\/solidarity1980.com\/#organization","name":"1980 Le moment de solidarit\u00e9","url":"https:\/\/solidarity1980.com\/","logo":{"@type":"ImageObject","inLanguage":"en-GB","@id":"https:\/\/solidarity1980.com\/#\/schema\/logo\/image\/","url":"https:\/\/solidarity1980.com\/wp-content\/uploads\/2023\/04\/titre_plateforme.png","contentUrl":"https:\/\/solidarity1980.com\/wp-content\/uploads\/2023\/04\/titre_plateforme.png","width":786,"height":467,"caption":"1980 Le moment de solidarit\u00e9"},"image":{"@id":"https:\/\/solidarity1980.com\/#\/schema\/logo\/image\/"}}]}},"wps_subtitle":"","_links":{"self":[{"href":"https:\/\/solidarity1980.com\/en\/wp-json\/wp\/v2\/pages\/25","targetHints":{"allow":["GET"]}}],"collection":[{"href":"https:\/\/solidarity1980.com\/en\/wp-json\/wp\/v2\/pages"}],"about":[{"href":"https:\/\/solidarity1980.com\/en\/wp-json\/wp\/v2\/types\/page"}],"author":[{"embeddable":true,"href":"https:\/\/solidarity1980.com\/en\/wp-json\/wp\/v2\/users\/1"}],"replies":[{"embeddable":true,"href":"https:\/\/solidarity1980.com\/en\/wp-json\/wp\/v2\/comments?post=25"}],"version-history":[{"count":80,"href":"https:\/\/solidarity1980.com\/en\/wp-json\/wp\/v2\/pages\/25\/revisions"}],"predecessor-version":[{"id":1533,"href":"https:\/\/solidarity1980.com\/en\/wp-json\/wp\/v2\/pages\/25\/revisions\/1533"}],"wp:attachment":[{"href":"https:\/\/solidarity1980.com\/en\/wp-json\/wp\/v2\/media?parent=25"}],"curies":[{"name":"wp","href":"https:\/\/api.w.org\/{rel}","templated":true}]}}