
{"id":244,"date":"2023-04-14T11:32:03","date_gmt":"2023-04-14T09:32:03","guid":{"rendered":"http:\/\/localhost:8888\/1980\/?page_id=244"},"modified":"2023-06-05T17:42:23","modified_gmt":"2023-06-05T15:42:23","slug":"contact","status":"publish","type":"page","link":"https:\/\/solidarity1980.com\/en\/contact\/","title":{"rendered":"Contact"},"content":{"rendered":"<div class=\"wp-block-columns are-vertically-aligned-bottom is-layout-flex wp-container-core-columns-is-layout-9d6595d7 wp-block-columns-is-layout-flex\">\n<div class=\"wp-block-column is-vertically-aligned-bottom is-layout-flow wp-block-column-is-layout-flow\" style=\"flex-basis:33%\">\n<figure class=\"wp-block-image size-full\"><img loading=\"lazy\" decoding=\"async\" width=\"1000\" height=\"584\" src=\"https:\/\/solidarity1980.com\/wp-content\/uploads\/2023\/04\/titre_expo_EN-800x467-1.png\" alt=\"\" class=\"wp-image-312\" srcset=\"https:\/\/solidarity1980.com\/wp-content\/uploads\/2023\/04\/titre_expo_EN-800x467-1.png 800w, https:\/\/solidarity1980.com\/wp-content\/uploads\/2023\/04\/titre_expo_EN-800x467-1-300x175.png 300w, https:\/\/solidarity1980.com\/wp-content\/uploads\/2023\/04\/titre_expo_EN-800x467-1-768x448.png 768w, https:\/\/solidarity1980.com\/wp-content\/uploads\/2023\/04\/titre_expo_EN-800x467-1-18x12.png 18w\" sizes=\"auto, (max-width: 1000px) 100vw, 1000px\" \/><\/figure>\n<\/div>\n\n\n\n<div class=\"wp-block-column is-vertically-aligned-bottom is-layout-flow wp-block-column-is-layout-flow\">\n<h3 class=\"wp-block-heading\">PEOPLES\u2019 COMMITMENT<br>WITNESSES\u2019 MEMORY<br>HISTORIANS\u2019 QUESTIONS<\/h3>\n<\/div>\n<\/div>\n\n\n\n<hr class=\"wp-block-separator has-alpha-channel-opacity\"\/>\n\n\n\n<h4 class=\"wp-block-heading\">The virtual platform was developed by<br>General History Department<br>(<a href=\"https:\/\/www.unige.ch\/lettres\/istge\/unites\/histoiresuisse\/accueil\/\" target=\"_blank\" rel=\"noreferrer noopener\">Swiss history unit,<\/a>at Geneva University<\/h4>\n\n\n\n<p><\/p>\n\n\n\n<p><\/p>\n\n\n\n<p><strong>Address:<\/strong><br><a href=\"https:\/\/www.unige.ch\/lettres\/istge\/files\/4716\/7517\/6118\/Nos_adresses.jpg\" target=\"_blank\" rel=\"noreferrer noopener\">5, rue Saint-Ours<\/a><br>1205 Gen\u00e8ve<\/p>\n\n\n\n<p><strong>E-mail: <\/strong><a href=\"mailto:solidarity.moment1980@gmail.com\">solidarity.moment1980@gmail.com<\/a><\/p>\n\n\n\n<p><strong>Project coordination:<\/strong> <a href=\"mailto:renata.latala@unige.ch\" target=\"_blank\" rel=\"noreferrer noopener\">renata.latala@unige.ch<\/a><\/p>\n\n\n\n<p><\/p>","protected":false},"excerpt":{"rendered":"<p>Engagement des peuplesM\u00e9moire des t\u00e9moinsQuestions d\u2019historiens La plateforme virtuelle r\u00e9alis\u00e9e auD\u00e9partement d\u2019histoire g\u00e9n\u00e9rale(Unit\u00e9 d\u2019histoire suisse) de l\u2019Universit\u00e9 de Gen\u00e8ve Adresse:5, rue Saint-Ours1205 Gen\u00e8ve E-mail: solidarity.moment1980@gmail.com Coordination du projet: renata.latala@unige.ch [&#8230;]<\/p>\n<p><a class=\"btn btn-secondary understrap-read-more-link\" href=\"https:\/\/solidarity1980.com\/en\/contact\/\">Read More&#8230;<span class=\"screen-reader-text\"> from Contact<\/span><\/a><\/p>\n","protected":false},"author":1,"featured_media":0,"parent":0,"menu_order":0,"comment_status":"closed","ping_status":"closed","template":"page-templates\/simple-page.php","meta":{"footnotes":""},"class_list":["post-244","page","type-page","status-publish","hentry"],"yoast_head":"<!-- This site is optimized with the Yoast SEO plugin v27.4 - https:\/\/yoast.com\/product\/yoast-seo-wordpress\/ -->\n<title>Contact - 1980 Le moment de solidarit\u00e9<\/title>\n<meta name=\"description\" content=\"La plateforme virtuelle r\u00e9alis\u00e9e auD\u00e9partement d\u2019histoire g\u00e9n\u00e9rale(Unit\u00e9 suisse) de l\u2019Universit\u00e9 de Gen\u00e8ve.\" \/>\n<meta name=\"robots\" content=\"index, follow, max-snippet:-1, max-image-preview:large, max-video-preview:-1\" \/>\n<link rel=\"canonical\" href=\"https:\/\/solidarity1980.com\/en\/contact\/\" \/>\n<meta property=\"og:locale\" content=\"en_GB\" \/>\n<meta property=\"og:type\" content=\"article\" \/>\n<meta property=\"og:title\" content=\"Contact - 1980 Le moment de solidarit\u00e9\" \/>\n<meta property=\"og:description\" content=\"La plateforme virtuelle r\u00e9alis\u00e9e auD\u00e9partement d\u2019histoire g\u00e9n\u00e9rale(Unit\u00e9 suisse) de l\u2019Universit\u00e9 de Gen\u00e8ve.\" \/>\n<meta property=\"og:url\" content=\"https:\/\/solidarity1980.com\/en\/contact\/\" \/>\n<meta property=\"og:site_name\" content=\"1980 Le moment de solidarit\u00e9\" \/>\n<meta property=\"article:modified_time\" content=\"2023-06-05T15:42:23+00:00\" \/>\n<meta property=\"og:image\" content=\"https:\/\/solidarity1980.com\/wp-content\/uploads\/2023\/04\/titre_expo.png\" \/>\n<meta name=\"twitter:card\" content=\"summary_large_image\" \/>\n<meta name=\"twitter:label1\" content=\"Estimated reading time\" \/>\n\t<meta name=\"twitter:data1\" content=\"1 minute\" \/>\n<script type=\"application\/ld+json\" class=\"yoast-schema-graph\">{\"@context\":\"https:\\\/\\\/schema.org\",\"@graph\":[{\"@type\":\"WebPage\",\"@id\":\"https:\\\/\\\/solidarity1980.com\\\/contact\\\/\",\"url\":\"https:\\\/\\\/solidarity1980.com\\\/contact\\\/\",\"name\":\"Contact - 1980 Le moment de solidarit\u00e9\",\"isPartOf\":{\"@id\":\"https:\\\/\\\/solidarity1980.com\\\/#website\"},\"primaryImageOfPage\":{\"@id\":\"https:\\\/\\\/solidarity1980.com\\\/contact\\\/#primaryimage\"},\"image\":{\"@id\":\"https:\\\/\\\/solidarity1980.com\\\/contact\\\/#primaryimage\"},\"thumbnailUrl\":\"https:\\\/\\\/solidarity1980.com\\\/wp-content\\\/uploads\\\/2023\\\/04\\\/titre_expo.png\",\"datePublished\":\"2023-04-14T09:32:03+00:00\",\"dateModified\":\"2023-06-05T15:42:23+00:00\",\"description\":\"La plateforme virtuelle r\u00e9alis\u00e9e auD\u00e9partement d\u2019histoire g\u00e9n\u00e9rale(Unit\u00e9 suisse) de l\u2019Universit\u00e9 de Gen\u00e8ve.\",\"breadcrumb\":{\"@id\":\"https:\\\/\\\/solidarity1980.com\\\/contact\\\/#breadcrumb\"},\"inLanguage\":\"en-GB\",\"potentialAction\":[{\"@type\":\"ReadAction\",\"target\":[\"https:\\\/\\\/solidarity1980.com\\\/contact\\\/\"]}]},{\"@type\":\"ImageObject\",\"inLanguage\":\"en-GB\",\"@id\":\"https:\\\/\\\/solidarity1980.com\\\/contact\\\/#primaryimage\",\"url\":\"https:\\\/\\\/solidarity1980.com\\\/wp-content\\\/uploads\\\/2023\\\/04\\\/titre_expo.png\",\"contentUrl\":\"https:\\\/\\\/solidarity1980.com\\\/wp-content\\\/uploads\\\/2023\\\/04\\\/titre_expo.png\"},{\"@type\":\"BreadcrumbList\",\"@id\":\"https:\\\/\\\/solidarity1980.com\\\/contact\\\/#breadcrumb\",\"itemListElement\":[{\"@type\":\"ListItem\",\"position\":1,\"name\":\"Accueil\",\"item\":\"https:\\\/\\\/solidarity1980.com\\\/\"},{\"@type\":\"ListItem\",\"position\":2,\"name\":\"Contact\"}]},{\"@type\":\"WebSite\",\"@id\":\"https:\\\/\\\/solidarity1980.com\\\/#website\",\"url\":\"https:\\\/\\\/solidarity1980.com\\\/\",\"name\":\"1980 Le moment de solidarit\u00e9\",\"description\":\"1980 Le moment de solidarit\u00e9\",\"publisher\":{\"@id\":\"https:\\\/\\\/solidarity1980.com\\\/#organization\"},\"potentialAction\":[{\"@type\":\"SearchAction\",\"target\":{\"@type\":\"EntryPoint\",\"urlTemplate\":\"https:\\\/\\\/solidarity1980.com\\\/?s={search_term_string}\"},\"query-input\":{\"@type\":\"PropertyValueSpecification\",\"valueRequired\":true,\"valueName\":\"search_term_string\"}}],\"inLanguage\":\"en-GB\"},{\"@type\":\"Organization\",\"@id\":\"https:\\\/\\\/solidarity1980.com\\\/#organization\",\"name\":\"1980 Le moment de solidarit\u00e9\",\"url\":\"https:\\\/\\\/solidarity1980.com\\\/\",\"logo\":{\"@type\":\"ImageObject\",\"inLanguage\":\"en-GB\",\"@id\":\"https:\\\/\\\/solidarity1980.com\\\/#\\\/schema\\\/logo\\\/image\\\/\",\"url\":\"https:\\\/\\\/solidarity1980.com\\\/wp-content\\\/uploads\\\/2023\\\/04\\\/titre_plateforme.png\",\"contentUrl\":\"https:\\\/\\\/solidarity1980.com\\\/wp-content\\\/uploads\\\/2023\\\/04\\\/titre_plateforme.png\",\"width\":786,\"height\":467,\"caption\":\"1980 Le moment de solidarit\u00e9\"},\"image\":{\"@id\":\"https:\\\/\\\/solidarity1980.com\\\/#\\\/schema\\\/logo\\\/image\\\/\"}}]}<\/script>\n<!-- \/ Yoast SEO plugin. -->","yoast_head_json":{"title":"Contact - 1980 Le moment de solidarit\u00e9","description":"La plateforme virtuelle r\u00e9alis\u00e9e auD\u00e9partement d\u2019histoire g\u00e9n\u00e9rale(Unit\u00e9 suisse) de l\u2019Universit\u00e9 de Gen\u00e8ve.","robots":{"index":"index","follow":"follow","max-snippet":"max-snippet:-1","max-image-preview":"max-image-preview:large","max-video-preview":"max-video-preview:-1"},"canonical":"https:\/\/solidarity1980.com\/en\/contact\/","og_locale":"en_GB","og_type":"article","og_title":"Contact - 1980 Le moment de solidarit\u00e9","og_description":"La plateforme virtuelle r\u00e9alis\u00e9e auD\u00e9partement d\u2019histoire g\u00e9n\u00e9rale(Unit\u00e9 suisse) de l\u2019Universit\u00e9 de Gen\u00e8ve.","og_url":"https:\/\/solidarity1980.com\/en\/contact\/","og_site_name":"1980 Le moment de solidarit\u00e9","article_modified_time":"2023-06-05T15:42:23+00:00","og_image":[{"url":"https:\/\/solidarity1980.com\/wp-content\/uploads\/2023\/04\/titre_expo.png","type":"","width":"","height":""}],"twitter_card":"summary_large_image","twitter_misc":{"Estimated reading time":"1 minute"},"schema":{"@context":"https:\/\/schema.org","@graph":[{"@type":"WebPage","@id":"https:\/\/solidarity1980.com\/contact\/","url":"https:\/\/solidarity1980.com\/contact\/","name":"Contact - 1980 Le moment de solidarit\u00e9","isPartOf":{"@id":"https:\/\/solidarity1980.com\/#website"},"primaryImageOfPage":{"@id":"https:\/\/solidarity1980.com\/contact\/#primaryimage"},"image":{"@id":"https:\/\/solidarity1980.com\/contact\/#primaryimage"},"thumbnailUrl":"https:\/\/solidarity1980.com\/wp-content\/uploads\/2023\/04\/titre_expo.png","datePublished":"2023-04-14T09:32:03+00:00","dateModified":"2023-06-05T15:42:23+00:00","description":"La plateforme virtuelle r\u00e9alis\u00e9e auD\u00e9partement d\u2019histoire g\u00e9n\u00e9rale(Unit\u00e9 suisse) de l\u2019Universit\u00e9 de Gen\u00e8ve.","breadcrumb":{"@id":"https:\/\/solidarity1980.com\/contact\/#breadcrumb"},"inLanguage":"en-GB","potentialAction":[{"@type":"ReadAction","target":["https:\/\/solidarity1980.com\/contact\/"]}]},{"@type":"ImageObject","inLanguage":"en-GB","@id":"https:\/\/solidarity1980.com\/contact\/#primaryimage","url":"https:\/\/solidarity1980.com\/wp-content\/uploads\/2023\/04\/titre_expo.png","contentUrl":"https:\/\/solidarity1980.com\/wp-content\/uploads\/2023\/04\/titre_expo.png"},{"@type":"BreadcrumbList","@id":"https:\/\/solidarity1980.com\/contact\/#breadcrumb","itemListElement":[{"@type":"ListItem","position":1,"name":"Accueil","item":"https:\/\/solidarity1980.com\/"},{"@type":"ListItem","position":2,"name":"Contact"}]},{"@type":"WebSite","@id":"https:\/\/solidarity1980.com\/#website","url":"https:\/\/solidarity1980.com\/","name":"1980 Le moment de solidarit\u00e9","description":"1980 Le moment de solidarit\u00e9","publisher":{"@id":"https:\/\/solidarity1980.com\/#organization"},"potentialAction":[{"@type":"SearchAction","target":{"@type":"EntryPoint","urlTemplate":"https:\/\/solidarity1980.com\/?s={search_term_string}"},"query-input":{"@type":"PropertyValueSpecification","valueRequired":true,"valueName":"search_term_string"}}],"inLanguage":"en-GB"},{"@type":"Organization","@id":"https:\/\/solidarity1980.com\/#organization","name":"1980 Le moment de solidarit\u00e9","url":"https:\/\/solidarity1980.com\/","logo":{"@type":"ImageObject","inLanguage":"en-GB","@id":"https:\/\/solidarity1980.com\/#\/schema\/logo\/image\/","url":"https:\/\/solidarity1980.com\/wp-content\/uploads\/2023\/04\/titre_plateforme.png","contentUrl":"https:\/\/solidarity1980.com\/wp-content\/uploads\/2023\/04\/titre_plateforme.png","width":786,"height":467,"caption":"1980 Le moment de solidarit\u00e9"},"image":{"@id":"https:\/\/solidarity1980.com\/#\/schema\/logo\/image\/"}}]}},"wps_subtitle":"","_links":{"self":[{"href":"https:\/\/solidarity1980.com\/en\/wp-json\/wp\/v2\/pages\/244","targetHints":{"allow":["GET"]}}],"collection":[{"href":"https:\/\/solidarity1980.com\/en\/wp-json\/wp\/v2\/pages"}],"about":[{"href":"https:\/\/solidarity1980.com\/en\/wp-json\/wp\/v2\/types\/page"}],"author":[{"embeddable":true,"href":"https:\/\/solidarity1980.com\/en\/wp-json\/wp\/v2\/users\/1"}],"replies":[{"embeddable":true,"href":"https:\/\/solidarity1980.com\/en\/wp-json\/wp\/v2\/comments?post=244"}],"version-history":[{"count":17,"href":"https:\/\/solidarity1980.com\/en\/wp-json\/wp\/v2\/pages\/244\/revisions"}],"predecessor-version":[{"id":938,"href":"https:\/\/solidarity1980.com\/en\/wp-json\/wp\/v2\/pages\/244\/revisions\/938"}],"wp:attachment":[{"href":"https:\/\/solidarity1980.com\/en\/wp-json\/wp\/v2\/media?parent=244"}],"curies":[{"name":"wp","href":"https:\/\/api.w.org\/{rel}","templated":true}]}}