
{"id":24,"date":"2023-04-11T14:40:32","date_gmt":"2023-04-11T12:40:32","guid":{"rendered":"http:\/\/localhost:8888\/1980\/?page_id=20"},"modified":"2023-11-16T17:25:50","modified_gmt":"2023-11-16T16:25:50","slug":"debats","status":"publish","type":"page","link":"https:\/\/solidarity1980.com\/en\/debats\/","title":{"rendered":"Screening - Debate"},"content":{"rendered":"<h2 class=\"wp-block-heading\">Solidarity:<br>Crossed views<\/h2>\n\n\n\n<h5 class=\"wp-block-heading\">We are pleased to invite you to take part in several screenings and debates on the phenomenon of solidarity in the presence of historians, witnesses from the past and activists from associations. We will listen to the answers of the past to question our \"living together\" today.&nbsp;&nbsp;<\/h5>\n\n\n\n<div style=\"height:50px\" aria-hidden=\"true\" class=\"wp-block-spacer\"><\/div>\n\n\n\n<div class=\"wp-block-columns debate-wrapper is-layout-flex wp-container-core-columns-is-layout-9d6595d7 wp-block-columns-is-layout-flex\">\n<div class=\"wp-block-column debate is-layout-flow wp-block-column-is-layout-flow\" style=\"flex-basis:50%\">\n<p><\/p>\n\n\n\n<h2 class=\"wp-block-heading\"><span>Should art be committed?<\/span><\/h2>\n\n\n\n<figure class=\"wp-block-image size-large is-style-default\"><img loading=\"lazy\" decoding=\"async\" width=\"1122\" height=\"1122\" src=\"https:\/\/solidarity1980.com\/wp-content\/uploads\/2023\/10\/Capture-decran-2023-10-11-a-09.05.26-edited.png\" alt=\"\" class=\"wp-image-1108\" style=\"object-fit:cover\" title=\"\" srcset=\"https:\/\/solidarity1980.com\/wp-content\/uploads\/2023\/10\/Capture-decran-2023-10-11-a-09.05.26-edited.png 1122w, https:\/\/solidarity1980.com\/wp-content\/uploads\/2023\/10\/Capture-decran-2023-10-11-a-09.05.26-edited-800x800.png 800w, https:\/\/solidarity1980.com\/wp-content\/uploads\/2023\/10\/Capture-decran-2023-10-11-a-09.05.26-edited-1024x1024.png 1024w, https:\/\/solidarity1980.com\/wp-content\/uploads\/2023\/10\/Capture-decran-2023-10-11-a-09.05.26-edited-500x500.png 500w, https:\/\/solidarity1980.com\/wp-content\/uploads\/2023\/10\/Capture-decran-2023-10-11-a-09.05.26-edited-768x768.png 768w, https:\/\/solidarity1980.com\/wp-content\/uploads\/2023\/10\/Capture-decran-2023-10-11-a-09.05.26-edited-12x12.png 12w\" sizes=\"auto, (max-width: 1122px) 100vw, 1122px\" \/><\/figure>\n\n\n\n<p class=\"read-more translation-block\"><a href=\"https:\/\/solidarity1980.com\/en\/les-humanitaires-sont-ils-vraiment-solidaires\/\" target=\"_self\">En<br>savoir<br>plus<\/a><\/p>\n\n\n\n<h4 class=\"wp-block-heading\">Thursday 14 December 2023<br>18h00 \u2192 Cin\u00e9lux<\/h4>\n\n\n\n<p>Keeping abreast of current events, supporting victims of repression, defending the right to freedom of expression and opinion: are artists shaping social consciousness? Are they still vectors of social or political change?  &nbsp;<\/p>\n\n\n\n<p class=\"text-small\"><a href=\"https:\/\/www.rts.ch\/archives\/tv\/culture\/zone-bleue\/14115887-proces-a-prague.html\"><em>Trial in Prague<\/em><\/a>, pi\u00e8ce de th\u00e9\u00e2tre film\u00e9e, AIDA et TSR (Zone Bleue), 1980, 70&prime;. <br>Winner of the International Film and Press festival in Strasbourg, 1981. <br><\/p>\n\n\n\n<p>&nbsp;<\/p>\n<\/div>\n\n\n\n<div class=\"wp-block-column debate is-layout-flow wp-block-column-is-layout-flow\" style=\"flex-basis:50%\">\n<h2 class=\"wp-block-heading\"><span>Martyring your body for greater solidarity?<\/span><\/h2>\n\n\n\n<figure class=\"wp-block-image size-large is-style-default\"><img loading=\"lazy\" decoding=\"async\" width=\"516\" height=\"516\" src=\"https:\/\/solidarity1980.com\/wp-content\/uploads\/2023\/10\/Hunger_Fassbender-edited.jpg\" alt=\"\" class=\"wp-image-1110\" title=\"\" srcset=\"https:\/\/solidarity1980.com\/wp-content\/uploads\/2023\/10\/Hunger_Fassbender-edited.jpg 516w, https:\/\/solidarity1980.com\/wp-content\/uploads\/2023\/10\/Hunger_Fassbender-edited-500x500.jpg 500w, https:\/\/solidarity1980.com\/wp-content\/uploads\/2023\/10\/Hunger_Fassbender-edited-12x12.jpg 12w\" sizes=\"auto, (max-width: 516px) 100vw, 516px\" \/><\/figure>\n\n\n\n<p class=\"read-more translation-block\"><a href=\"https:\/\/solidarity1980.com\/en\/les-humanitaires-sont-ils-vraiment-solidaires\/\" target=\"_self\">En<br>savoir<br>plus<\/a><\/p>\n\n\n\n<h4 class=\"wp-block-heading\">Wednesday 15 November 2023<br>18h00 \u2192 Cin\u00e9lux<\/h4>\n\n\n\n<p>Resisting injustice, denouncing violence or demanding civil rights by going without food carries a moral message: does the suffering inflicted on one's own body call others to action?&nbsp;&nbsp;<\/p>\n\n\n\n<p class=\"text-small\"><em><a href=\"https:\/\/www.imdb.com\/title\/tt0986233\/\">Hunger<\/a><\/em>, Historical drama, Steve McQueen, United Kingdom, Ireland, 2008.<\/p>\n\n\n\n<p>&nbsp;<\/p>\n<\/div>\n<\/div>\n\n\n\n<div class=\"wp-block-columns debate-wrapper is-layout-flex wp-container-core-columns-is-layout-9d6595d7 wp-block-columns-is-layout-flex\">\n<div class=\"wp-block-column debate is-layout-flow wp-block-column-is-layout-flow\" style=\"flex-basis:50%\">\n<p><\/p>\n\n\n\n<h2 class=\"wp-block-heading\"><span>What is the point of solidarity ?<\/span><\/h2>\n\n\n\n<div style=\"height:16px\" aria-hidden=\"true\" class=\"wp-block-spacer\"><\/div>\n\n\n\n<figure class=\"wp-block-image size-large is-style-default\"><img loading=\"lazy\" decoding=\"async\" width=\"1595\" height=\"1594\" src=\"https:\/\/solidarity1980.com\/wp-content\/uploads\/2023\/10\/HF_a2-1-edited-2.jpg\" alt=\"\" class=\"wp-image-1084\" style=\"object-fit:cover\" title=\"\" srcset=\"https:\/\/solidarity1980.com\/wp-content\/uploads\/2023\/10\/HF_a2-1-edited-2.jpg 1595w, https:\/\/solidarity1980.com\/wp-content\/uploads\/2023\/10\/HF_a2-1-edited-2-800x800.jpg 800w, https:\/\/solidarity1980.com\/wp-content\/uploads\/2023\/10\/HF_a2-1-edited-2-1024x1024.jpg 1024w, https:\/\/solidarity1980.com\/wp-content\/uploads\/2023\/10\/HF_a2-1-edited-2-500x500.jpg 500w, https:\/\/solidarity1980.com\/wp-content\/uploads\/2023\/10\/HF_a2-1-edited-2-768x768.jpg 768w, https:\/\/solidarity1980.com\/wp-content\/uploads\/2023\/10\/HF_a2-1-edited-2-1536x1536.jpg 1536w, https:\/\/solidarity1980.com\/wp-content\/uploads\/2023\/10\/HF_a2-1-edited-2-12x12.jpg 12w\" sizes=\"auto, (max-width: 1595px) 100vw, 1595px\" \/><\/figure>\n\n\n\n<p class=\"read-more translation-block\"><a href=\"https:\/\/solidarity1980.com\/en\/les-humanitaires-sont-ils-vraiment-solidaires\/\" target=\"_self\">En<br>savoir<br>plus<\/a><\/p>\n\n\n\n<h4 class=\"wp-block-heading\">Thursday 19 October 2023<br>18h00 \u2192 Cin\u00e9lux<\/h4>\n\n\n\n<p>Instrumentalization of values, confiscation of memory by an ideological power that destroys social ties: how can we remain true to ourselves and rediscover our sense of duty to the community to which we are linked?  &nbsp;<\/p>\n\n\n\n<p class=\"text-small\"><em><a href=\"https:\/\/www.allocine.fr\/film\/fichefilm-3244\/photos\/detail\/?cmediafile=18861956\">The Man of Iron<\/a> (Cz\u0142owiek z \u017celaza<\/em>), Historical drama, Andrzej Wajda. Poland, 1981, 153'. \nPalme d'Or at the Cannes Film Festival and nominated for an Oscar. <br><\/p>\n\n\n\n<p>&nbsp;<\/p>\n<\/div>\n\n\n\n<div class=\"wp-block-column debate is-layout-flow wp-block-column-is-layout-flow\" style=\"flex-basis:50%\">\n<h2 class=\"wp-block-heading\"><span>Do humanitarians really show solidarity?<\/span><\/h2>\n\n\n\n<figure class=\"wp-block-image size-thumbnail is-style-default\"><img loading=\"lazy\" decoding=\"async\" width=\"500\" height=\"500\" src=\"https:\/\/solidarity1980.com\/wp-content\/uploads\/2023\/05\/a-perfect-day-xlarge-500x500.jpg\" alt=\"\" class=\"wp-image-717\" title=\"\"\/><\/figure>\n\n\n\n<p class=\"read-more translation-block\"><a href=\"https:\/\/solidarity1980.com\/en\/les-humanitaires-sont-ils-vraiment-solidaires\/\" target=\"_self\">En<br>savoir<br>plus<\/a><\/p>\n\n\n\n<h4 class=\"wp-block-heading\">Wednesday 31 May 2023<br>18h00 \u2192 Cin\u00e9lux<\/h4>\n\n\n\n<p>People's mistrust, the rigidity of administrative rules, the inertia of international organisations or a feeling of powerlessness that clashes with the impulse of solidarity raises a question: How can we not give up the cause of others?&nbsp;&nbsp;<\/p>\n\n\n\n<p class=\"text-small\"><em><a href=\"https:\/\/www.imdb.com\/title\/tt3577624\/?ref_=vp_close\" target=\"_blank\" rel=\"noreferrer noopener\">A Perfect Day<\/a> (Un jour comme un autre<\/em>) comedy-drama by Fernando Le\u00f3n de Aranoa, based on the novel <em>Dejarse Llover<\/em> by Paula Farias, Spain, 2015, 106', VOSTF<\/p>\n\n\n\n<p>&nbsp;<\/p>\n<\/div>\n<\/div>\n\n\n\n<div class=\"wp-block-columns is-layout-flex wp-container-core-columns-is-layout-9d6595d7 wp-block-columns-is-layout-flex\">\n<div class=\"wp-block-column is-layout-flow wp-block-column-is-layout-flow\"><\/div>\n\n\n\n<div class=\"wp-block-column is-layout-flow wp-block-column-is-layout-flow\"><\/div>\n<\/div>","protected":false},"excerpt":{"rendered":"<p>Solidarit\u00e9:Regards crois\u00e9s Nous sommes heureux de vous inviter \u00e0 participer \u00e0 plusieurs projections-d\u00e9bats autour du ph\u00e9nom\u00e8ne de la solidarit\u00e9 en pr\u00e9sence d\u2019historiens, de t\u00e9moins du pass\u00e9 et de militants des milieux associatifs. Nous \u00e9couterons les r\u00e9ponses du pass\u00e9 pour questionner notre \u00abvivre ensemble\u00bb d\u2019aujourd\u2019hui.&nbsp;&nbsp; L&rsquo;art doit-il \u00eatre engag\u00e9 ? Ensavoirplus Jeudi 14 d\u00e9cembre 202318h00 \u2192 [&#8230;]<\/p>\n<p><a class=\"btn btn-secondary understrap-read-more-link\" href=\"https:\/\/solidarity1980.com\/en\/debats\/\">Read More&#8230;<span class=\"screen-reader-text\"> from Projections \u2013 D\u00e9bats<\/span><\/a><\/p>\n","protected":false},"author":1,"featured_media":0,"parent":0,"menu_order":0,"comment_status":"closed","ping_status":"closed","template":"page-templates\/debates-page.php","meta":{"footnotes":""},"class_list":["post-24","page","type-page","status-publish","hentry"],"yoast_head":"<!-- This site is optimized with the Yoast SEO plugin v27.4 - https:\/\/yoast.com\/product\/yoast-seo-wordpress\/ -->\n<title>Projections \u2013 D\u00e9bats - 1980 Le moment de solidarit\u00e9<\/title>\n<meta name=\"description\" content=\"Projections-d\u00e9bats autour du ph\u00e9nom\u00e8ne de la solidarit\u00e9 en pr\u00e9sence d\u2019historiens. Cafe debat avec projections. 1er debat - 31 mai 2023.\" \/>\n<meta name=\"robots\" content=\"index, follow, max-snippet:-1, max-image-preview:large, max-video-preview:-1\" \/>\n<link rel=\"canonical\" href=\"https:\/\/solidarity1980.com\/en\/debats\/\" \/>\n<meta property=\"og:locale\" content=\"en_GB\" \/>\n<meta property=\"og:type\" content=\"article\" \/>\n<meta property=\"og:title\" content=\"Projections \u2013 D\u00e9bats - 1980 Le moment de solidarit\u00e9\" \/>\n<meta property=\"og:description\" content=\"Projections-d\u00e9bats autour du ph\u00e9nom\u00e8ne de la solidarit\u00e9 en pr\u00e9sence d\u2019historiens. Cafe debat avec projections. 1er debat - 31 mai 2023.\" \/>\n<meta property=\"og:url\" content=\"https:\/\/solidarity1980.com\/en\/debats\/\" \/>\n<meta property=\"og:site_name\" content=\"1980 Le moment de solidarit\u00e9\" \/>\n<meta property=\"article:modified_time\" content=\"2023-11-16T16:25:50+00:00\" \/>\n<meta property=\"og:image\" content=\"https:\/\/solidarity1980.com\/wp-content\/uploads\/2023\/10\/Capture-decran-2023-10-11-a-09.05.26-edited.png\" \/>\n<meta name=\"twitter:card\" content=\"summary_large_image\" \/>\n<meta name=\"twitter:label1\" content=\"Estimated reading time\" \/>\n\t<meta name=\"twitter:data1\" content=\"3 minutes\" \/>\n<script type=\"application\/ld+json\" class=\"yoast-schema-graph\">{\"@context\":\"https:\\\/\\\/schema.org\",\"@graph\":[{\"@type\":\"WebPage\",\"@id\":\"https:\\\/\\\/solidarity1980.com\\\/debats\\\/\",\"url\":\"https:\\\/\\\/solidarity1980.com\\\/debats\\\/\",\"name\":\"Projections \u2013 D\u00e9bats - 1980 Le moment de solidarit\u00e9\",\"isPartOf\":{\"@id\":\"https:\\\/\\\/solidarity1980.com\\\/#website\"},\"primaryImageOfPage\":{\"@id\":\"https:\\\/\\\/solidarity1980.com\\\/debats\\\/#primaryimage\"},\"image\":{\"@id\":\"https:\\\/\\\/solidarity1980.com\\\/debats\\\/#primaryimage\"},\"thumbnailUrl\":\"https:\\\/\\\/solidarity1980.com\\\/wp-content\\\/uploads\\\/2023\\\/10\\\/Capture-decran-2023-10-11-a-09.05.26-edited.png\",\"datePublished\":\"2023-04-11T12:40:32+00:00\",\"dateModified\":\"2023-11-16T16:25:50+00:00\",\"description\":\"Projections-d\u00e9bats autour du ph\u00e9nom\u00e8ne de la solidarit\u00e9 en pr\u00e9sence d\u2019historiens. Cafe debat avec projections. 1er debat - 31 mai 2023.\",\"breadcrumb\":{\"@id\":\"https:\\\/\\\/solidarity1980.com\\\/debats\\\/#breadcrumb\"},\"inLanguage\":\"en-GB\",\"potentialAction\":[{\"@type\":\"ReadAction\",\"target\":[\"https:\\\/\\\/solidarity1980.com\\\/debats\\\/\"]}]},{\"@type\":\"ImageObject\",\"inLanguage\":\"en-GB\",\"@id\":\"https:\\\/\\\/solidarity1980.com\\\/debats\\\/#primaryimage\",\"url\":\"https:\\\/\\\/solidarity1980.com\\\/wp-content\\\/uploads\\\/2023\\\/10\\\/Capture-decran-2023-10-11-a-09.05.26-edited.png\",\"contentUrl\":\"https:\\\/\\\/solidarity1980.com\\\/wp-content\\\/uploads\\\/2023\\\/10\\\/Capture-decran-2023-10-11-a-09.05.26-edited.png\"},{\"@type\":\"BreadcrumbList\",\"@id\":\"https:\\\/\\\/solidarity1980.com\\\/debats\\\/#breadcrumb\",\"itemListElement\":[{\"@type\":\"ListItem\",\"position\":1,\"name\":\"Accueil\",\"item\":\"https:\\\/\\\/solidarity1980.com\\\/\"},{\"@type\":\"ListItem\",\"position\":2,\"name\":\"Projections \u2013 D\u00e9bats\"}]},{\"@type\":\"WebSite\",\"@id\":\"https:\\\/\\\/solidarity1980.com\\\/#website\",\"url\":\"https:\\\/\\\/solidarity1980.com\\\/\",\"name\":\"1980 Le moment de solidarit\u00e9\",\"description\":\"1980 Le moment de solidarit\u00e9\",\"publisher\":{\"@id\":\"https:\\\/\\\/solidarity1980.com\\\/#organization\"},\"potentialAction\":[{\"@type\":\"SearchAction\",\"target\":{\"@type\":\"EntryPoint\",\"urlTemplate\":\"https:\\\/\\\/solidarity1980.com\\\/?s={search_term_string}\"},\"query-input\":{\"@type\":\"PropertyValueSpecification\",\"valueRequired\":true,\"valueName\":\"search_term_string\"}}],\"inLanguage\":\"en-GB\"},{\"@type\":\"Organization\",\"@id\":\"https:\\\/\\\/solidarity1980.com\\\/#organization\",\"name\":\"1980 Le moment de solidarit\u00e9\",\"url\":\"https:\\\/\\\/solidarity1980.com\\\/\",\"logo\":{\"@type\":\"ImageObject\",\"inLanguage\":\"en-GB\",\"@id\":\"https:\\\/\\\/solidarity1980.com\\\/#\\\/schema\\\/logo\\\/image\\\/\",\"url\":\"https:\\\/\\\/solidarity1980.com\\\/wp-content\\\/uploads\\\/2023\\\/04\\\/titre_plateforme.png\",\"contentUrl\":\"https:\\\/\\\/solidarity1980.com\\\/wp-content\\\/uploads\\\/2023\\\/04\\\/titre_plateforme.png\",\"width\":786,\"height\":467,\"caption\":\"1980 Le moment de solidarit\u00e9\"},\"image\":{\"@id\":\"https:\\\/\\\/solidarity1980.com\\\/#\\\/schema\\\/logo\\\/image\\\/\"}}]}<\/script>\n<!-- \/ Yoast SEO plugin. -->","yoast_head_json":{"title":"Projections \u2013 D\u00e9bats - 1980 Le moment de solidarit\u00e9","description":"Projections-d\u00e9bats autour du ph\u00e9nom\u00e8ne de la solidarit\u00e9 en pr\u00e9sence d\u2019historiens. Cafe debat avec projections. 1er debat - 31 mai 2023.","robots":{"index":"index","follow":"follow","max-snippet":"max-snippet:-1","max-image-preview":"max-image-preview:large","max-video-preview":"max-video-preview:-1"},"canonical":"https:\/\/solidarity1980.com\/en\/debats\/","og_locale":"en_GB","og_type":"article","og_title":"Projections \u2013 D\u00e9bats - 1980 Le moment de solidarit\u00e9","og_description":"Projections-d\u00e9bats autour du ph\u00e9nom\u00e8ne de la solidarit\u00e9 en pr\u00e9sence d\u2019historiens. Cafe debat avec projections. 1er debat - 31 mai 2023.","og_url":"https:\/\/solidarity1980.com\/en\/debats\/","og_site_name":"1980 Le moment de solidarit\u00e9","article_modified_time":"2023-11-16T16:25:50+00:00","og_image":[{"url":"https:\/\/solidarity1980.com\/wp-content\/uploads\/2023\/10\/Capture-decran-2023-10-11-a-09.05.26-edited.png","type":"","width":"","height":""}],"twitter_card":"summary_large_image","twitter_misc":{"Estimated reading time":"3 minutes"},"schema":{"@context":"https:\/\/schema.org","@graph":[{"@type":"WebPage","@id":"https:\/\/solidarity1980.com\/debats\/","url":"https:\/\/solidarity1980.com\/debats\/","name":"Projections \u2013 D\u00e9bats - 1980 Le moment de solidarit\u00e9","isPartOf":{"@id":"https:\/\/solidarity1980.com\/#website"},"primaryImageOfPage":{"@id":"https:\/\/solidarity1980.com\/debats\/#primaryimage"},"image":{"@id":"https:\/\/solidarity1980.com\/debats\/#primaryimage"},"thumbnailUrl":"https:\/\/solidarity1980.com\/wp-content\/uploads\/2023\/10\/Capture-decran-2023-10-11-a-09.05.26-edited.png","datePublished":"2023-04-11T12:40:32+00:00","dateModified":"2023-11-16T16:25:50+00:00","description":"Projections-d\u00e9bats autour du ph\u00e9nom\u00e8ne de la solidarit\u00e9 en pr\u00e9sence d\u2019historiens. Cafe debat avec projections. 1er debat - 31 mai 2023.","breadcrumb":{"@id":"https:\/\/solidarity1980.com\/debats\/#breadcrumb"},"inLanguage":"en-GB","potentialAction":[{"@type":"ReadAction","target":["https:\/\/solidarity1980.com\/debats\/"]}]},{"@type":"ImageObject","inLanguage":"en-GB","@id":"https:\/\/solidarity1980.com\/debats\/#primaryimage","url":"https:\/\/solidarity1980.com\/wp-content\/uploads\/2023\/10\/Capture-decran-2023-10-11-a-09.05.26-edited.png","contentUrl":"https:\/\/solidarity1980.com\/wp-content\/uploads\/2023\/10\/Capture-decran-2023-10-11-a-09.05.26-edited.png"},{"@type":"BreadcrumbList","@id":"https:\/\/solidarity1980.com\/debats\/#breadcrumb","itemListElement":[{"@type":"ListItem","position":1,"name":"Accueil","item":"https:\/\/solidarity1980.com\/"},{"@type":"ListItem","position":2,"name":"Projections \u2013 D\u00e9bats"}]},{"@type":"WebSite","@id":"https:\/\/solidarity1980.com\/#website","url":"https:\/\/solidarity1980.com\/","name":"1980 Le moment de solidarit\u00e9","description":"1980 Le moment de solidarit\u00e9","publisher":{"@id":"https:\/\/solidarity1980.com\/#organization"},"potentialAction":[{"@type":"SearchAction","target":{"@type":"EntryPoint","urlTemplate":"https:\/\/solidarity1980.com\/?s={search_term_string}"},"query-input":{"@type":"PropertyValueSpecification","valueRequired":true,"valueName":"search_term_string"}}],"inLanguage":"en-GB"},{"@type":"Organization","@id":"https:\/\/solidarity1980.com\/#organization","name":"1980 Le moment de solidarit\u00e9","url":"https:\/\/solidarity1980.com\/","logo":{"@type":"ImageObject","inLanguage":"en-GB","@id":"https:\/\/solidarity1980.com\/#\/schema\/logo\/image\/","url":"https:\/\/solidarity1980.com\/wp-content\/uploads\/2023\/04\/titre_plateforme.png","contentUrl":"https:\/\/solidarity1980.com\/wp-content\/uploads\/2023\/04\/titre_plateforme.png","width":786,"height":467,"caption":"1980 Le moment de solidarit\u00e9"},"image":{"@id":"https:\/\/solidarity1980.com\/#\/schema\/logo\/image\/"}}]}},"wps_subtitle":"","_links":{"self":[{"href":"https:\/\/solidarity1980.com\/en\/wp-json\/wp\/v2\/pages\/24","targetHints":{"allow":["GET"]}}],"collection":[{"href":"https:\/\/solidarity1980.com\/en\/wp-json\/wp\/v2\/pages"}],"about":[{"href":"https:\/\/solidarity1980.com\/en\/wp-json\/wp\/v2\/types\/page"}],"author":[{"embeddable":true,"href":"https:\/\/solidarity1980.com\/en\/wp-json\/wp\/v2\/users\/1"}],"replies":[{"embeddable":true,"href":"https:\/\/solidarity1980.com\/en\/wp-json\/wp\/v2\/comments?post=24"}],"version-history":[{"count":68,"href":"https:\/\/solidarity1980.com\/en\/wp-json\/wp\/v2\/pages\/24\/revisions"}],"predecessor-version":[{"id":1227,"href":"https:\/\/solidarity1980.com\/en\/wp-json\/wp\/v2\/pages\/24\/revisions\/1227"}],"wp:attachment":[{"href":"https:\/\/solidarity1980.com\/en\/wp-json\/wp\/v2\/media?parent=24"}],"curies":[{"name":"wp","href":"https:\/\/api.w.org\/{rel}","templated":true}]}}