
{"id":23,"date":"2023-04-11T14:40:20","date_gmt":"2023-04-11T12:40:20","guid":{"rendered":"http:\/\/localhost:8888\/1980\/?page_id=18"},"modified":"2024-05-13T18:27:48","modified_gmt":"2024-05-13T16:27:48","slug":"ateliers","status":"publish","type":"page","link":"https:\/\/solidarity1980.com\/en\/ateliers\/","title":{"rendered":"Workshops"},"content":{"rendered":"<h2 class=\"wp-block-heading\">Memory and History<\/h2>\n\n\n\n<h4 class=\"wp-block-heading\"><strong><em>Getting involved...<\/em> <\/strong><br><strong>WITNESSES\u2019 MEMORY <\/strong><br><strong>historians\u2019 questions<\/strong>&nbsp;<\/h4>\n\n\n\n<h6 class=\"wp-block-heading\">Enter the historian's workshop!<\/h6>\n\n\n\n<p class=\"text-monospace\"><strong>With microphones and cameras in hand, we will meet people who have been involved in various solidarity movements from the 1970s to the present day. What motivated them? What were the concrete effects of their mobilisation? How can their words and experiences be reproduced in a historical documentary? How can their words be analysed in the light of archival sources?&nbsp;&nbsp;<\/strong><\/p>\n\n\n\n<p>The \"History and Memory\" workshop allows you to go behind the scenes of historical research, to learn the methods of interviewing historical witnesses, to understand the relationship between the historian and the memory of the actors of the past, and to acquire skills in digital storytelling. Finally, you will create a short historical film - (6-7 minute video)- mixing the voice of the witness with your own to contextualise their experience, while enriching the narrative with archival material.&nbsp;&nbsp;<\/p>\n\n\n\n<div class=\"wp-block-group card bg-primary\"><div class=\"wp-block-group__inner-container is-layout-constrained wp-block-group-is-layout-constrained\">\n<p>A series of two-month workshops organised between September 2023 and April 2024 for secondary II students (but also open to secondary I students) as part of the classroom curriculum.&nbsp;<\/p>\n\n\n\n<p>Educators and teachers are invited to contact the workshop leader, Renata Lata\u0142a&nbsp; <br><a href=\"mailto:renata.latala@unige.ch\">renata.latala@unige.ch<\/a><\/p>\n<\/div><\/div>\n\n\n\n<div class=\"wp-block-columns are-vertically-aligned-center read-more-wrapper is-layout-flex wp-container-core-columns-is-layout-9d6595d7 wp-block-columns-is-layout-flex\">\n<div class=\"wp-block-column is-vertically-aligned-center is-layout-flow wp-block-column-is-layout-flow\">\n<p class=\"read-more translation-block\"><a href=\"https:\/\/solidarity1980.com\/en\/les-humanitaires-sont-ils-vraiment-solidaires\/\" target=\"_self\">En<br>savoir<br>plus<\/a><\/p>\n<\/div>\n\n\n\n<div class=\"wp-block-column is-vertically-aligned-center is-layout-flow wp-block-column-is-layout-flow\">\n<p>Workshops' facilitator and coordinator <a href=\"https:\/\/www.unige.ch\/lettres\/istge\/enseignants-chercheurs\/latala\">Renata Lata\u0142a<\/a><\/p>\n<\/div>\n<\/div>\n\n\n\n<hr class=\"wp-block-separator has-alpha-channel-opacity\"\/>","protected":false},"excerpt":{"rendered":"<p>Histoire et M\u00e9moire S\u2019engager\u2026 m\u00e9moire de t\u00e9moins, questions d\u2019historiens&nbsp; Entrez dans l\u2019atelier de l\u2019historien! Micro et cam\u00e9ra en main, nous allons \u00e0 la rencontre de personnes qui ont pris part, depuis les ann\u00e9es 1970 jusqu\u2019\u00e0 nos jours, \u00e0 diff\u00e9rents mouvements de solidarit\u00e9. Qu\u2019est-ce qui les a&nbsp; motiv\u00e9es? Quels furent les effets concrets de leur mobilisation? [&#8230;]<\/p>\n<p><a class=\"btn btn-secondary understrap-read-more-link\" href=\"https:\/\/solidarity1980.com\/en\/ateliers\/\">Read More&#8230;<span class=\"screen-reader-text\"> from Ateliers<\/span><\/a><\/p>\n","protected":false},"author":1,"featured_media":0,"parent":0,"menu_order":0,"comment_status":"closed","ping_status":"closed","template":"page-templates\/workshop-page.php","meta":{"footnotes":""},"class_list":["post-23","page","type-page","status-publish","hentry"],"yoast_head":"<!-- This site is optimized with the Yoast SEO plugin v27.4 - https:\/\/yoast.com\/product\/yoast-seo-wordpress\/ -->\n<title>Ateliers - 1980 Le moment de solidarit\u00e9<\/title>\n<meta name=\"description\" content=\"L\u2019atelier \u00abHistoire et m\u00e9moire\u00bb vous permet d\u2019entrer dans les coulisses d\u2019une recherche historique et creation de court-m\u00e9trage historique.\" \/>\n<meta name=\"robots\" content=\"index, follow, max-snippet:-1, max-image-preview:large, max-video-preview:-1\" \/>\n<link rel=\"canonical\" href=\"https:\/\/solidarity1980.com\/en\/ateliers\/\" \/>\n<meta property=\"og:locale\" content=\"en_GB\" \/>\n<meta property=\"og:type\" content=\"article\" \/>\n<meta property=\"og:title\" content=\"Ateliers - 1980 Le moment de solidarit\u00e9\" \/>\n<meta property=\"og:description\" content=\"L\u2019atelier \u00abHistoire et m\u00e9moire\u00bb vous permet d\u2019entrer dans les coulisses d\u2019une recherche historique et creation de court-m\u00e9trage historique.\" \/>\n<meta property=\"og:url\" content=\"https:\/\/solidarity1980.com\/en\/ateliers\/\" \/>\n<meta property=\"og:site_name\" content=\"1980 Le moment de solidarit\u00e9\" \/>\n<meta property=\"article:modified_time\" content=\"2024-05-13T16:27:48+00:00\" \/>\n<meta name=\"twitter:card\" content=\"summary_large_image\" \/>\n<meta name=\"twitter:label1\" content=\"Estimated reading time\" \/>\n\t<meta name=\"twitter:data1\" content=\"2 minutes\" \/>\n<script type=\"application\/ld+json\" class=\"yoast-schema-graph\">{\"@context\":\"https:\\\/\\\/schema.org\",\"@graph\":[{\"@type\":\"WebPage\",\"@id\":\"https:\\\/\\\/solidarity1980.com\\\/ateliers\\\/\",\"url\":\"https:\\\/\\\/solidarity1980.com\\\/ateliers\\\/\",\"name\":\"Ateliers - 1980 Le moment de solidarit\u00e9\",\"isPartOf\":{\"@id\":\"https:\\\/\\\/solidarity1980.com\\\/#website\"},\"datePublished\":\"2023-04-11T12:40:20+00:00\",\"dateModified\":\"2024-05-13T16:27:48+00:00\",\"description\":\"L\u2019atelier \u00abHistoire et m\u00e9moire\u00bb vous permet d\u2019entrer dans les coulisses d\u2019une recherche historique et creation de court-m\u00e9trage historique.\",\"breadcrumb\":{\"@id\":\"https:\\\/\\\/solidarity1980.com\\\/ateliers\\\/#breadcrumb\"},\"inLanguage\":\"en-GB\",\"potentialAction\":[{\"@type\":\"ReadAction\",\"target\":[\"https:\\\/\\\/solidarity1980.com\\\/ateliers\\\/\"]}]},{\"@type\":\"BreadcrumbList\",\"@id\":\"https:\\\/\\\/solidarity1980.com\\\/ateliers\\\/#breadcrumb\",\"itemListElement\":[{\"@type\":\"ListItem\",\"position\":1,\"name\":\"Accueil\",\"item\":\"https:\\\/\\\/solidarity1980.com\\\/\"},{\"@type\":\"ListItem\",\"position\":2,\"name\":\"Ateliers\"}]},{\"@type\":\"WebSite\",\"@id\":\"https:\\\/\\\/solidarity1980.com\\\/#website\",\"url\":\"https:\\\/\\\/solidarity1980.com\\\/\",\"name\":\"1980 Le moment de solidarit\u00e9\",\"description\":\"1980 Le moment de solidarit\u00e9\",\"publisher\":{\"@id\":\"https:\\\/\\\/solidarity1980.com\\\/#organization\"},\"potentialAction\":[{\"@type\":\"SearchAction\",\"target\":{\"@type\":\"EntryPoint\",\"urlTemplate\":\"https:\\\/\\\/solidarity1980.com\\\/?s={search_term_string}\"},\"query-input\":{\"@type\":\"PropertyValueSpecification\",\"valueRequired\":true,\"valueName\":\"search_term_string\"}}],\"inLanguage\":\"en-GB\"},{\"@type\":\"Organization\",\"@id\":\"https:\\\/\\\/solidarity1980.com\\\/#organization\",\"name\":\"1980 Le moment de solidarit\u00e9\",\"url\":\"https:\\\/\\\/solidarity1980.com\\\/\",\"logo\":{\"@type\":\"ImageObject\",\"inLanguage\":\"en-GB\",\"@id\":\"https:\\\/\\\/solidarity1980.com\\\/#\\\/schema\\\/logo\\\/image\\\/\",\"url\":\"https:\\\/\\\/solidarity1980.com\\\/wp-content\\\/uploads\\\/2023\\\/04\\\/titre_plateforme.png\",\"contentUrl\":\"https:\\\/\\\/solidarity1980.com\\\/wp-content\\\/uploads\\\/2023\\\/04\\\/titre_plateforme.png\",\"width\":786,\"height\":467,\"caption\":\"1980 Le moment de solidarit\u00e9\"},\"image\":{\"@id\":\"https:\\\/\\\/solidarity1980.com\\\/#\\\/schema\\\/logo\\\/image\\\/\"}}]}<\/script>\n<!-- \/ Yoast SEO plugin. -->","yoast_head_json":{"title":"Ateliers - 1980 Le moment de solidarit\u00e9","description":"L\u2019atelier \u00abHistoire et m\u00e9moire\u00bb vous permet d\u2019entrer dans les coulisses d\u2019une recherche historique et creation de court-m\u00e9trage historique.","robots":{"index":"index","follow":"follow","max-snippet":"max-snippet:-1","max-image-preview":"max-image-preview:large","max-video-preview":"max-video-preview:-1"},"canonical":"https:\/\/solidarity1980.com\/en\/ateliers\/","og_locale":"en_GB","og_type":"article","og_title":"Ateliers - 1980 Le moment de solidarit\u00e9","og_description":"L\u2019atelier \u00abHistoire et m\u00e9moire\u00bb vous permet d\u2019entrer dans les coulisses d\u2019une recherche historique et creation de court-m\u00e9trage historique.","og_url":"https:\/\/solidarity1980.com\/en\/ateliers\/","og_site_name":"1980 Le moment de solidarit\u00e9","article_modified_time":"2024-05-13T16:27:48+00:00","twitter_card":"summary_large_image","twitter_misc":{"Estimated reading time":"2 minutes"},"schema":{"@context":"https:\/\/schema.org","@graph":[{"@type":"WebPage","@id":"https:\/\/solidarity1980.com\/ateliers\/","url":"https:\/\/solidarity1980.com\/ateliers\/","name":"Ateliers - 1980 Le moment de solidarit\u00e9","isPartOf":{"@id":"https:\/\/solidarity1980.com\/#website"},"datePublished":"2023-04-11T12:40:20+00:00","dateModified":"2024-05-13T16:27:48+00:00","description":"L\u2019atelier \u00abHistoire et m\u00e9moire\u00bb vous permet d\u2019entrer dans les coulisses d\u2019une recherche historique et creation de court-m\u00e9trage historique.","breadcrumb":{"@id":"https:\/\/solidarity1980.com\/ateliers\/#breadcrumb"},"inLanguage":"en-GB","potentialAction":[{"@type":"ReadAction","target":["https:\/\/solidarity1980.com\/ateliers\/"]}]},{"@type":"BreadcrumbList","@id":"https:\/\/solidarity1980.com\/ateliers\/#breadcrumb","itemListElement":[{"@type":"ListItem","position":1,"name":"Accueil","item":"https:\/\/solidarity1980.com\/"},{"@type":"ListItem","position":2,"name":"Ateliers"}]},{"@type":"WebSite","@id":"https:\/\/solidarity1980.com\/#website","url":"https:\/\/solidarity1980.com\/","name":"1980 Le moment de solidarit\u00e9","description":"1980 Le moment de solidarit\u00e9","publisher":{"@id":"https:\/\/solidarity1980.com\/#organization"},"potentialAction":[{"@type":"SearchAction","target":{"@type":"EntryPoint","urlTemplate":"https:\/\/solidarity1980.com\/?s={search_term_string}"},"query-input":{"@type":"PropertyValueSpecification","valueRequired":true,"valueName":"search_term_string"}}],"inLanguage":"en-GB"},{"@type":"Organization","@id":"https:\/\/solidarity1980.com\/#organization","name":"1980 Le moment de solidarit\u00e9","url":"https:\/\/solidarity1980.com\/","logo":{"@type":"ImageObject","inLanguage":"en-GB","@id":"https:\/\/solidarity1980.com\/#\/schema\/logo\/image\/","url":"https:\/\/solidarity1980.com\/wp-content\/uploads\/2023\/04\/titre_plateforme.png","contentUrl":"https:\/\/solidarity1980.com\/wp-content\/uploads\/2023\/04\/titre_plateforme.png","width":786,"height":467,"caption":"1980 Le moment de solidarit\u00e9"},"image":{"@id":"https:\/\/solidarity1980.com\/#\/schema\/logo\/image\/"}}]}},"wps_subtitle":"","_links":{"self":[{"href":"https:\/\/solidarity1980.com\/en\/wp-json\/wp\/v2\/pages\/23","targetHints":{"allow":["GET"]}}],"collection":[{"href":"https:\/\/solidarity1980.com\/en\/wp-json\/wp\/v2\/pages"}],"about":[{"href":"https:\/\/solidarity1980.com\/en\/wp-json\/wp\/v2\/types\/page"}],"author":[{"embeddable":true,"href":"https:\/\/solidarity1980.com\/en\/wp-json\/wp\/v2\/users\/1"}],"replies":[{"embeddable":true,"href":"https:\/\/solidarity1980.com\/en\/wp-json\/wp\/v2\/comments?post=23"}],"version-history":[{"count":20,"href":"https:\/\/solidarity1980.com\/en\/wp-json\/wp\/v2\/pages\/23\/revisions"}],"predecessor-version":[{"id":1436,"href":"https:\/\/solidarity1980.com\/en\/wp-json\/wp\/v2\/pages\/23\/revisions\/1436"}],"wp:attachment":[{"href":"https:\/\/solidarity1980.com\/en\/wp-json\/wp\/v2\/media?parent=23"}],"curies":[{"name":"wp","href":"https:\/\/api.w.org\/{rel}","templated":true}]}}