
{"id":22,"date":"2023-04-11T14:40:10","date_gmt":"2023-04-11T12:40:10","guid":{"rendered":"http:\/\/localhost:8888\/1980\/?page_id=16"},"modified":"2024-07-18T14:37:50","modified_gmt":"2024-07-18T12:37:50","slug":"presentation","status":"publish","type":"page","link":"https:\/\/solidarity1980.com\/en\/presentation\/","title":{"rendered":"PEOPLES\u2019 COMMITMENT. WITNESSES\u2019 MEMORY. HISTORIANS' QUESTIONS"},"content":{"rendered":"<hr class=\"wp-block-separator has-alpha-channel-opacity\"\/>\n\n\n\n<p><\/p>\n\n\n\n<h5 class=\"wp-block-heading\">The 1980s represent an important period in the mobilisation of civil societies in various solidarity movements.<\/h5>\n\n\n\n<h5 class=\"wp-block-heading\"><em><em>Resist, unite,<\/em> <em>commit... <\/em><\/em>these words echo from the Americas, through the African states, to the countries of Europe, shaping individual and collective paths. Human bonds are forged across borders. People dare to do the unthinkable.<\/h5>\n\n\n\n<h5 class=\"wp-block-heading\">The birth of <em>Solidarno\u015b\u0107<\/em> and the international rallying behind this Polish movement remains an emblematic illustration of this phenomenon of solidarity fervour.&nbsp;&nbsp;<\/h5>\n\n\n\n<hr class=\"wp-block-separator has-alpha-channel-opacity\"\/>\n\n\n\n<p><em>Looking at the past invites us to reflect on our present. It confronts us with our own experiences and questions our choices in the face of contemporary challenges. Do we show solidarity with others? Why should we get involved?<\/em>&nbsp;<\/p>\n\n\n\n<p><em>Through an exhibition and various activities, this platform aims to create a space for discussion on the practice of solidarity. A phenomenon that experienced an unprecedented fervour in the 1980s and that still emerges today in the event of political or health crises.\nLet's listen to the testimonies of past actors, let's question historians. Let's share our experiences with people involved in solidarity projects today. And finally, let the dreams and hopes of young people shaping tomorrow\u2019s world carry us.\u00a0<\/em><\/p>\n\n\n\n<p class=\"has-text-align-center\"><em>Renata <span style=\"mso-ansi-language:FR\">Lata<\/span><span style=\"mso-bidi-font-family:Calibri;mso-bidi-theme-font:minor-latin;mso-ansi-language:FR\">\u0142<\/span><span style=\"mso-ansi-language:FR\">a<\/span>\u00a0<\/em><\/p>\n\n\n\n<div class=\"wp-block-columns is-layout-flex wp-container-core-columns-is-layout-9d6595d7 wp-block-columns-is-layout-flex\">\n<div class=\"wp-block-column is-vertically-aligned-center is-layout-flow wp-block-column-is-layout-flow\"><div class=\"wp-block-image\">\n<figure class=\"alignright size-full is-resized\"><a href=\"https:\/\/www.snf.ch\/en\/FKhU9kAtfXx7w9AI\/page\/home\" target=\"_blank\" rel=\"noreferrer noopener\"><img loading=\"lazy\" decoding=\"async\" width=\"574\" height=\"130\" src=\"https:\/\/solidarity1980.com\/wp-content\/uploads\/2023\/04\/SNF_logo_standard_web_color_pos_f.png\" alt=\"\" class=\"wp-image-338\" style=\"width:287px;height:65px\" srcset=\"https:\/\/solidarity1980.com\/wp-content\/uploads\/2023\/04\/SNF_logo_standard_web_color_pos_f.png 574w, https:\/\/solidarity1980.com\/wp-content\/uploads\/2023\/04\/SNF_logo_standard_web_color_pos_f-18x4.png 18w\" sizes=\"auto, (max-width: 574px) 100vw, 574px\" \/><\/a><\/figure>\n<\/div><\/div>\n\n\n\n<div class=\"wp-block-column is-layout-flow wp-block-column-is-layout-flow\"><div class=\"wp-block-image\">\n<figure class=\"alignleft size-full is-resized\"><a href=\"https:\/\/www.unige.ch\/lettres\/istge\/unites\/histoiresuisse\/accueil\/\" target=\"_blank\" rel=\"noreferrer noopener\"><img loading=\"lazy\" decoding=\"async\" width=\"561\" height=\"275\" src=\"https:\/\/solidarity1980.com\/wp-content\/uploads\/2023\/04\/fac_lettres.png\" alt=\"\" class=\"wp-image-305\" style=\"width:281px;height:138px\" srcset=\"https:\/\/solidarity1980.com\/wp-content\/uploads\/2023\/04\/fac_lettres.png 561w, https:\/\/solidarity1980.com\/wp-content\/uploads\/2023\/04\/fac_lettres-300x147.png 300w, https:\/\/solidarity1980.com\/wp-content\/uploads\/2023\/04\/fac_lettres-18x9.png 18w\" sizes=\"auto, (max-width: 561px) 100vw, 561px\" \/><\/a><\/figure>\n<\/div><\/div>\n<\/div>","protected":false},"excerpt":{"rendered":"<p>Les ann\u00e9es 1980 repr\u00e9sentent une p\u00e9riode importante dans la perspective de la mobilisation des soci\u00e9t\u00e9s civiles dans diff\u00e9rents mouvements de solidarit\u00e9. R\u00e9sister, s\u2019unir, s\u2019engager\u2026 ces mots r\u00e9sonnent depuis l\u2019Am\u00e9rique, via les \u00c9tats africains, jusqu\u2019aux pays europ\u00e9ens, fa\u00e7onnant des parcours individuels et collectifs. Des liens humains se tissent par-del\u00e0 les fronti\u00e8res, permettant d\u2019oser l\u2019inimaginable. La naissance [&#8230;]<\/p>\n<p><a class=\"btn btn-secondary understrap-read-more-link\" href=\"https:\/\/solidarity1980.com\/en\/presentation\/\">Read More&#8230;<span class=\"screen-reader-text\"> from ENGAGEMENT DES PEUPLES \u2013 M\u00c9MOIRE DES T\u00c9MOINS \u2013 QUESTIONS D\u2019HISTORIENS<\/span><\/a><\/p>\n","protected":false},"author":1,"featured_media":0,"parent":0,"menu_order":0,"comment_status":"closed","ping_status":"closed","template":"page-templates\/presentation-page.php","meta":{"footnotes":""},"class_list":["post-22","page","type-page","status-publish","hentry"],"yoast_head":"<!-- This site is optimized with the Yoast SEO plugin v27.4 - https:\/\/yoast.com\/product\/yoast-seo-wordpress\/ -->\n<title>ENGAGEMENT DES PEUPLES \u2013 M\u00c9MOIRE DES T\u00c9MOINS \u2013 QUESTIONS D\u2019HISTORIENS - 1980 Le moment de solidarit\u00e9<\/title>\n<meta name=\"description\" content=\"1980. The Solidarity Moment. People&#039;s commitment, Witnesses\u2019 memories, Historians&#039; questions - project. Through an exhibition and various activities, this platform seeks to create a space for discussion around the practice of solidarity.\" \/>\n<meta name=\"robots\" content=\"index, follow, max-snippet:-1, max-image-preview:large, max-video-preview:-1\" \/>\n<link rel=\"canonical\" href=\"https:\/\/solidarity1980.com\/en\/presentation\/\" \/>\n<meta property=\"og:locale\" content=\"en_GB\" \/>\n<meta property=\"og:type\" content=\"article\" \/>\n<meta property=\"og:title\" content=\"ENGAGEMENT DES PEUPLES \u2013 M\u00c9MOIRE DES T\u00c9MOINS \u2013 QUESTIONS D\u2019HISTORIENS - 1980 Le moment de solidarit\u00e9\" \/>\n<meta property=\"og:description\" content=\"1980. The Solidarity Moment. People&#039;s commitment, Witnesses\u2019 memories, Historians&#039; questions - project. Through an exhibition and various activities, this platform seeks to create a space for discussion around the practice of solidarity.\" \/>\n<meta property=\"og:url\" content=\"https:\/\/solidarity1980.com\/en\/presentation\/\" \/>\n<meta property=\"og:site_name\" content=\"1980 Le moment de solidarit\u00e9\" \/>\n<meta property=\"article:modified_time\" content=\"2024-07-18T12:37:50+00:00\" \/>\n<meta property=\"og:image\" content=\"https:\/\/solidarity1980.com\/wp-content\/uploads\/2023\/04\/SNF_logo_standard_web_color_pos_f.png\" \/>\n<meta name=\"twitter:card\" content=\"summary_large_image\" \/>\n<meta name=\"twitter:label1\" content=\"Estimated reading time\" \/>\n\t<meta name=\"twitter:data1\" content=\"2 minutes\" \/>\n<script type=\"application\/ld+json\" class=\"yoast-schema-graph\">{\"@context\":\"https:\\\/\\\/schema.org\",\"@graph\":[{\"@type\":\"WebPage\",\"@id\":\"https:\\\/\\\/solidarity1980.com\\\/presentation\\\/\",\"url\":\"https:\\\/\\\/solidarity1980.com\\\/presentation\\\/\",\"name\":\"ENGAGEMENT DES PEUPLES \u2013 M\u00c9MOIRE DES T\u00c9MOINS \u2013 QUESTIONS D\u2019HISTORIENS - 1980 Le moment de solidarit\u00e9\",\"isPartOf\":{\"@id\":\"https:\\\/\\\/solidarity1980.com\\\/#website\"},\"primaryImageOfPage\":{\"@id\":\"https:\\\/\\\/solidarity1980.com\\\/presentation\\\/#primaryimage\"},\"image\":{\"@id\":\"https:\\\/\\\/solidarity1980.com\\\/presentation\\\/#primaryimage\"},\"thumbnailUrl\":\"https:\\\/\\\/solidarity1980.com\\\/wp-content\\\/uploads\\\/2023\\\/04\\\/SNF_logo_standard_web_color_pos_f.png\",\"datePublished\":\"2023-04-11T12:40:10+00:00\",\"dateModified\":\"2024-07-18T12:37:50+00:00\",\"description\":\"1980. The Solidarity Moment. People's commitment, Witnesses\u2019 memories, Historians' questions - project. Through an exhibition and various activities, this platform seeks to create a space for discussion around the practice of solidarity.\",\"breadcrumb\":{\"@id\":\"https:\\\/\\\/solidarity1980.com\\\/presentation\\\/#breadcrumb\"},\"inLanguage\":\"en-GB\",\"potentialAction\":[{\"@type\":\"ReadAction\",\"target\":[\"https:\\\/\\\/solidarity1980.com\\\/presentation\\\/\"]}]},{\"@type\":\"ImageObject\",\"inLanguage\":\"en-GB\",\"@id\":\"https:\\\/\\\/solidarity1980.com\\\/presentation\\\/#primaryimage\",\"url\":\"https:\\\/\\\/solidarity1980.com\\\/wp-content\\\/uploads\\\/2023\\\/04\\\/SNF_logo_standard_web_color_pos_f.png\",\"contentUrl\":\"https:\\\/\\\/solidarity1980.com\\\/wp-content\\\/uploads\\\/2023\\\/04\\\/SNF_logo_standard_web_color_pos_f.png\"},{\"@type\":\"BreadcrumbList\",\"@id\":\"https:\\\/\\\/solidarity1980.com\\\/presentation\\\/#breadcrumb\",\"itemListElement\":[{\"@type\":\"ListItem\",\"position\":1,\"name\":\"Accueil\",\"item\":\"https:\\\/\\\/solidarity1980.com\\\/\"},{\"@type\":\"ListItem\",\"position\":2,\"name\":\"ENGAGEMENT DES PEUPLES \u2013 M\u00c9MOIRE DES T\u00c9MOINS \u2013 QUESTIONS D\u2019HISTORIENS\"}]},{\"@type\":\"WebSite\",\"@id\":\"https:\\\/\\\/solidarity1980.com\\\/#website\",\"url\":\"https:\\\/\\\/solidarity1980.com\\\/\",\"name\":\"1980 Le moment de solidarit\u00e9\",\"description\":\"1980 Le moment de solidarit\u00e9\",\"publisher\":{\"@id\":\"https:\\\/\\\/solidarity1980.com\\\/#organization\"},\"potentialAction\":[{\"@type\":\"SearchAction\",\"target\":{\"@type\":\"EntryPoint\",\"urlTemplate\":\"https:\\\/\\\/solidarity1980.com\\\/?s={search_term_string}\"},\"query-input\":{\"@type\":\"PropertyValueSpecification\",\"valueRequired\":true,\"valueName\":\"search_term_string\"}}],\"inLanguage\":\"en-GB\"},{\"@type\":\"Organization\",\"@id\":\"https:\\\/\\\/solidarity1980.com\\\/#organization\",\"name\":\"1980 Le moment de solidarit\u00e9\",\"url\":\"https:\\\/\\\/solidarity1980.com\\\/\",\"logo\":{\"@type\":\"ImageObject\",\"inLanguage\":\"en-GB\",\"@id\":\"https:\\\/\\\/solidarity1980.com\\\/#\\\/schema\\\/logo\\\/image\\\/\",\"url\":\"https:\\\/\\\/solidarity1980.com\\\/wp-content\\\/uploads\\\/2023\\\/04\\\/titre_plateforme.png\",\"contentUrl\":\"https:\\\/\\\/solidarity1980.com\\\/wp-content\\\/uploads\\\/2023\\\/04\\\/titre_plateforme.png\",\"width\":786,\"height\":467,\"caption\":\"1980 Le moment de solidarit\u00e9\"},\"image\":{\"@id\":\"https:\\\/\\\/solidarity1980.com\\\/#\\\/schema\\\/logo\\\/image\\\/\"}}]}<\/script>\n<!-- \/ Yoast SEO plugin. -->","yoast_head_json":{"title":"ENGAGEMENT DES PEUPLES \u2013 M\u00c9MOIRE DES T\u00c9MOINS \u2013 QUESTIONS D\u2019HISTORIENS - 1980 Le moment de solidarit\u00e9","description":"1980. The Solidarity Moment. People's commitment, Witnesses\u2019 memories, Historians' questions - project. Through an exhibition and various activities, this platform seeks to create a space for discussion around the practice of solidarity.","robots":{"index":"index","follow":"follow","max-snippet":"max-snippet:-1","max-image-preview":"max-image-preview:large","max-video-preview":"max-video-preview:-1"},"canonical":"https:\/\/solidarity1980.com\/en\/presentation\/","og_locale":"en_GB","og_type":"article","og_title":"ENGAGEMENT DES PEUPLES \u2013 M\u00c9MOIRE DES T\u00c9MOINS \u2013 QUESTIONS D\u2019HISTORIENS - 1980 Le moment de solidarit\u00e9","og_description":"1980. The Solidarity Moment. People's commitment, Witnesses\u2019 memories, Historians' questions - project. Through an exhibition and various activities, this platform seeks to create a space for discussion around the practice of solidarity.","og_url":"https:\/\/solidarity1980.com\/en\/presentation\/","og_site_name":"1980 Le moment de solidarit\u00e9","article_modified_time":"2024-07-18T12:37:50+00:00","og_image":[{"url":"https:\/\/solidarity1980.com\/wp-content\/uploads\/2023\/04\/SNF_logo_standard_web_color_pos_f.png","type":"","width":"","height":""}],"twitter_card":"summary_large_image","twitter_misc":{"Estimated reading time":"2 minutes"},"schema":{"@context":"https:\/\/schema.org","@graph":[{"@type":"WebPage","@id":"https:\/\/solidarity1980.com\/presentation\/","url":"https:\/\/solidarity1980.com\/presentation\/","name":"ENGAGEMENT DES PEUPLES \u2013 M\u00c9MOIRE DES T\u00c9MOINS \u2013 QUESTIONS D\u2019HISTORIENS - 1980 Le moment de solidarit\u00e9","isPartOf":{"@id":"https:\/\/solidarity1980.com\/#website"},"primaryImageOfPage":{"@id":"https:\/\/solidarity1980.com\/presentation\/#primaryimage"},"image":{"@id":"https:\/\/solidarity1980.com\/presentation\/#primaryimage"},"thumbnailUrl":"https:\/\/solidarity1980.com\/wp-content\/uploads\/2023\/04\/SNF_logo_standard_web_color_pos_f.png","datePublished":"2023-04-11T12:40:10+00:00","dateModified":"2024-07-18T12:37:50+00:00","description":"1980. The Solidarity Moment. People's commitment, Witnesses\u2019 memories, Historians' questions - project. Through an exhibition and various activities, this platform seeks to create a space for discussion around the practice of solidarity.","breadcrumb":{"@id":"https:\/\/solidarity1980.com\/presentation\/#breadcrumb"},"inLanguage":"en-GB","potentialAction":[{"@type":"ReadAction","target":["https:\/\/solidarity1980.com\/presentation\/"]}]},{"@type":"ImageObject","inLanguage":"en-GB","@id":"https:\/\/solidarity1980.com\/presentation\/#primaryimage","url":"https:\/\/solidarity1980.com\/wp-content\/uploads\/2023\/04\/SNF_logo_standard_web_color_pos_f.png","contentUrl":"https:\/\/solidarity1980.com\/wp-content\/uploads\/2023\/04\/SNF_logo_standard_web_color_pos_f.png"},{"@type":"BreadcrumbList","@id":"https:\/\/solidarity1980.com\/presentation\/#breadcrumb","itemListElement":[{"@type":"ListItem","position":1,"name":"Accueil","item":"https:\/\/solidarity1980.com\/"},{"@type":"ListItem","position":2,"name":"ENGAGEMENT DES PEUPLES \u2013 M\u00c9MOIRE DES T\u00c9MOINS \u2013 QUESTIONS D\u2019HISTORIENS"}]},{"@type":"WebSite","@id":"https:\/\/solidarity1980.com\/#website","url":"https:\/\/solidarity1980.com\/","name":"1980 Le moment de solidarit\u00e9","description":"1980 Le moment de solidarit\u00e9","publisher":{"@id":"https:\/\/solidarity1980.com\/#organization"},"potentialAction":[{"@type":"SearchAction","target":{"@type":"EntryPoint","urlTemplate":"https:\/\/solidarity1980.com\/?s={search_term_string}"},"query-input":{"@type":"PropertyValueSpecification","valueRequired":true,"valueName":"search_term_string"}}],"inLanguage":"en-GB"},{"@type":"Organization","@id":"https:\/\/solidarity1980.com\/#organization","name":"1980 Le moment de solidarit\u00e9","url":"https:\/\/solidarity1980.com\/","logo":{"@type":"ImageObject","inLanguage":"en-GB","@id":"https:\/\/solidarity1980.com\/#\/schema\/logo\/image\/","url":"https:\/\/solidarity1980.com\/wp-content\/uploads\/2023\/04\/titre_plateforme.png","contentUrl":"https:\/\/solidarity1980.com\/wp-content\/uploads\/2023\/04\/titre_plateforme.png","width":786,"height":467,"caption":"1980 Le moment de solidarit\u00e9"},"image":{"@id":"https:\/\/solidarity1980.com\/#\/schema\/logo\/image\/"}}]}},"wps_subtitle":"","_links":{"self":[{"href":"https:\/\/solidarity1980.com\/en\/wp-json\/wp\/v2\/pages\/22","targetHints":{"allow":["GET"]}}],"collection":[{"href":"https:\/\/solidarity1980.com\/en\/wp-json\/wp\/v2\/pages"}],"about":[{"href":"https:\/\/solidarity1980.com\/en\/wp-json\/wp\/v2\/types\/page"}],"author":[{"embeddable":true,"href":"https:\/\/solidarity1980.com\/en\/wp-json\/wp\/v2\/users\/1"}],"replies":[{"embeddable":true,"href":"https:\/\/solidarity1980.com\/en\/wp-json\/wp\/v2\/comments?post=22"}],"version-history":[{"count":23,"href":"https:\/\/solidarity1980.com\/en\/wp-json\/wp\/v2\/pages\/22\/revisions"}],"predecessor-version":[{"id":1495,"href":"https:\/\/solidarity1980.com\/en\/wp-json\/wp\/v2\/pages\/22\/revisions\/1495"}],"wp:attachment":[{"href":"https:\/\/solidarity1980.com\/en\/wp-json\/wp\/v2\/media?parent=22"}],"curies":[{"name":"wp","href":"https:\/\/api.w.org\/{rel}","templated":true}]}}