
{"id":1275,"date":"2024-02-09T10:59:47","date_gmt":"2024-02-09T09:59:47","guid":{"rendered":"https:\/\/solidarity1980.com\/?page_id=1275"},"modified":"2024-07-02T14:25:55","modified_gmt":"2024-07-02T12:25:55","slug":"conferences","status":"publish","type":"page","link":"https:\/\/solidarity1980.com\/en\/conferences\/","title":{"rendered":"Conf\u00e9rences-D\u00e9bats"},"content":{"rendered":"<h3 class=\"wp-block-heading\">D\u00e9crypter les vagues de solidarit\u00e9 (XIX-XXe)<br><br><\/h3>\n\n\n\n<p>La fin du XVIIIe si\u00e8cle, les ann\u00e9es 1860 ou encore 1970 sont autant de moments o\u00f9 se dessine un regain&nbsp;d\u2019int\u00e9r\u00eat&nbsp;pour autrui sur diff\u00e9rents points du globe. Ces acc\u00e8s pr\u00e9sentent une certaine synchronicit\u00e9. Sous des formes tr\u00e8s diff\u00e9rentes, ils se rep\u00e8rent par la moralisation de la sph\u00e8re publique. Dans la mesure o\u00f9 cette exigence \u00e9merge g\u00e9n\u00e9ralement avec le renforcement de la conscience&nbsp;d\u2019appartenir&nbsp;\u00e0 une humanit\u00e9 commune, elle constitue une forme de solidarit\u00e9.<\/p>\n\n\n\n<p>Cette s\u00e9rie de conf\u00e9rences explore une succession de situations pr\u00e9cises. En d\u00e9cryptant la nature, les causes, les objectifs et les effets de la solidarit\u00e9 exprim\u00e9e, il s&rsquo;agit de saisir les raisons de la concomitance de ces vagues de solidarit\u00e9. Le but de cette r\u00e9flexion est aussi&nbsp;d\u2019engager&nbsp;un dialogue avec&nbsp;l\u2019\u00e9poque&nbsp;pr\u00e9sente qui, entre crise environnementale, probl\u00e8mes sanitaires et conflits arm\u00e9s, para\u00eet valoriser&nbsp;l\u2019int\u00e9r\u00eat&nbsp;pour autrui, fond\u00e9 sur la conscience des fragilit\u00e9s de notre humanit\u00e9 commune.<\/p>\n\n\n\n<p><strong>Le format adopt\u00e9 pour ce cycle de conf\u00e9rences-d\u00e9bats vise \u00e0 privil\u00e9gier une r\u00e9flexion commune \u00e0 laquelle les participant.es sont vivement invit\u00e9.es \u00e0 contribuer. Chaque s\u00e9ance d\u00e9bute par l&rsquo;intervention succincte&nbsp;d\u2019un.e sp\u00e9cialiste qui lance une discussion avec le public.<\/strong><\/p>\n\n\n\n<div style=\"height:20px\" aria-hidden=\"true\" class=\"wp-block-spacer\"><\/div>\n\n\n\n<h4 class=\"wp-block-heading\"><strong>LES<\/strong>&nbsp;<strong>VENDREDIS, 14:15-15:00<\/strong><\/h4>\n\n\n\n<h4 class=\"wp-block-heading\"><a href=\"https:\/\/unige.zoom.us\/j\/65272115298?pwd=dnB5OGY2RzhjeDhxQ0dncFJhbDV2UT09\"><strong>EN LIGNE<\/strong><\/a><br><strong>ID DE R\u00c9UNION: 652 7211 5298<br>CODE SECRET: 849064<\/strong><\/h4>\n\n\n\n<div class=\"wp-block-buttons is-horizontal is-layout-flex wp-block-buttons-is-layout-flex\">\n<div class=\"wp-block-button\"><a class=\"wp-block-button__link wp-element-button\" href=\"https:\/\/solidarity1980.com\/wp-content\/uploads\/2024\/02\/Affiches-conferences-Programme_-002.pdf\" target=\"_blank\" rel=\"noreferrer noopener\">PROGRAMME<\/a><\/div>\n<\/div>\n\n\n\n<p><br><strong>Preparation and coordination:<\/strong>\u00a0Prof. Ir\u00e8ne Herrmann &amp; Dre Renata\u00a0Lata\u0142a<br><strong>Collaboration:<\/strong>\u00a0No\u00e9mie Lakatos, H\u00fcseyin Delidogan &amp; Audrey Corino<br><strong>Contact:<\/strong>\u00a0noemie.lakatos@etu.unige.ch et renata.latala@unige.ch<\/p>\n\n\n\n<p><\/p>\n\n\n\n<p><\/p>\n\n\n\n<h3 class=\"wp-block-heading column-break\">Programme<\/h3>\n\n\n\n<p><strong>26 janvier<\/strong><br><strong>INTRODUCTION&nbsp;<\/strong>&nbsp;<br><em><em><a href=\"https:\/\/www.unige.ch\/lettres\/istge\/enseignants-chercheurs\/herrmann\" target=\"_blank\" rel=\"noreferrer noopener\">IR\u00c8NE HERRMANN<\/a><\/em> &amp; <em><a href=\"https:\/\/www.unige.ch\/lettres\/istge\/enseignants-chercheurs\/latala\" target=\"_blank\" rel=\"noreferrer noopener\">RENATA LATA\u0141A<\/a><\/em> (UNIVERSIT\u00c9 DE GEN\u00c8VE)<\/em><\/p>\n\n\n\n<p><strong>16 f\u00e9vrier<\/strong><br><strong><a href=\"https:\/\/www.youtube.com\/watch?v=VdBObv4PVm0&amp;t=135s\" target=\"_blank\" rel=\"noreferrer noopener\">UNE HISTOIRE GLOBALE DES R\u00c9VOLUTIONS DE 1848 : D\u00c9FIS, ENJEUX, LIMITES<\/a><\/strong><br><em><a href=\"https:\/\/www.ehess.fr\/fr\/personne\/cl\u00e9ment-thibaud\" target=\"_blank\" rel=\"noreferrer noopener\">CL\u00c9MENT THIBAUD<\/a> (EHESS PARIS)&nbsp;<\/em><\/p>\n\n\n\n<p><strong>8 mars<\/strong><br><strong><a href=\"https:\/\/youtu.be\/xiUu4LQ40PE\" target=\"_blank\" rel=\"noreferrer noopener\">LES ANN\u00c9ES 1860, ENTRE EMPIRE RUSSE ET \u00c9TATS-UNIS : CONTRE LA SERVITUDE<\/a><\/strong><br><em><a href=\"https:\/\/perso.univ-rennes2.fr\/michel.tissier#ancre_recherche\" target=\"_blank\" rel=\"noreferrer noopener\">MICHEL TISSIER <\/a>(UNIVERSIT\u00c9 RENNES 2)&nbsp;<\/em><br><\/p>\n\n\n\n<p><strong>5 avril<\/strong><br><strong><a href=\"https:\/\/youtu.be\/IW4Ip-8FPKE\" target=\"_blank\" rel=\"noreferrer noopener\">QUE FAUT-IL POUR B\u00c2TIR LA PAIX ? SOLIDARIT\u00c9S AU SORTIR DE LA PREMI\u00c8RE GUERRE MONDIALE<\/a><\/strong><br><em><a href=\"https:\/\/histoire.umontreal.ca\/repertoire-departement\/corps-professoral\/professeur\/in\/in15198\/sg\/Carl%20Bouchard\/\" target=\"_blank\" rel=\"noreferrer noopener\">CARL BOUCHARD<\/a> (UNIVERSIT\u00c9 DE MONTR\u00c9AL)&nbsp;<\/em><\/p>\n\n\n\n<p><strong>19 avril<\/strong><br><strong><a href=\"https:\/\/youtu.be\/Z3MG_81o5mM\" target=\"_blank\" rel=\"noreferrer noopener\">DROITS DE L&rsquo;HOMME : UNE R\u00c9INVENTION UNIVERSELLE ?<\/a><\/strong>&nbsp;<br><em><a href=\"https:\/\/www.unige.ch\/lettres\/istge\/corps-enseignant\/hsuisse\/enseignantes\/herrmann\"><\/a><em><em><a href=\"https:\/\/www.unige.ch\/lettres\/istge\/enseignants-chercheurs\/herrmann\" target=\"_blank\" rel=\"noreferrer noopener\">IR\u00c8NE HERRMANN<\/a><\/em><\/em> &amp; <a href=\"https:\/\/www.unige.ch\/lettres\/istge\/enseignants-chercheurs\/courvoisier\">F<\/a><a href=\"https:\/\/www.unige.ch\/lettres\/istge\/corps-enseignant\/hsuisse\/chercheurs\/francois-courvoisier\" target=\"_blank\" rel=\"noreferrer noopener\">RAN\u00c7OIS COURVOISIER<\/a> (UNIVERSIT\u00c9 DE GEN\u00c8VE)&nbsp;<\/em><br><\/p>\n\n\n\n<p><strong>10 mai<\/strong><br><strong><a href=\"https:\/\/youtu.be\/SwJUM-a9qM0\" target=\"_blank\" rel=\"noreferrer noopener\">SOLIDARNO\u015a\u0106 ET LES ANN\u00c9ES 1980: UN HORIZON D\u2019ESPOIR APR\u00c8S LES RESSACS ?&nbsp;<\/a><\/strong><br><em><a href=\"https:\/\/www.unige.ch\/lettres\/istge\/enseignants-chercheurs\/latala\" target=\"_blank\" rel=\"noreferrer noopener\">RENATA LATA\u0141A<\/a> (UNIVERSIT\u00c9 DE GEN\u00c8VE)&nbsp;<\/em><\/p>\n\n\n\n<p><strong>24 mai<\/strong><br><strong><a href=\"https:\/\/youtu.be\/i4z7VNxhVoE\" target=\"_blank\" rel=\"noreferrer noopener\">HOW HAVE SOCIAL MEDIA AND MODERN TECHNOLOGIES AFFECTED THE IDEA OF SOLIDARITY ? AFTER 2000 PERSPECTIVE<\/a><\/strong>&nbsp;<br><em><a href=\"https:\/\/wnpism.uw.edu.pl\/en\/pracownicy\/budziszewska-anita\/\" target=\"_blank\" rel=\"noreferrer noopener\">ANITA BUDZISZEWSKA<\/a> (UNIVERSIT\u00c9 DE VARSOVIE, UNIVERSIT\u00c9 DE GEN\u00c8VE)&nbsp;<\/em><\/p>\n\n\n\n<p><strong>7 juin<\/strong><br><strong><a href=\"https:\/\/youtu.be\/Q3oIk2dfrxs\">SOLIDARITY WAVES: A CONCEPTUAL DIMENSION<\/a>&nbsp;<\/strong><br><em><a href=\"https:\/\/aias.au.dk\/aias-fellows\/former-fellows\/former-fellows-archive\/kirill-postoutenko\/\" target=\"_blank\" rel=\"noreferrer noopener\">KIRILL POSTOUTENKO<\/a> (UNIVERSIT\u00c9 DE BIELEFELD)<\/em><br><br><strong>28 juin<\/strong><br><strong>CONCLUSIONS<\/strong>&nbsp;<br><em><em><a href=\"https:\/\/www.unige.ch\/lettres\/istge\/corps-enseignant\/hsuisse\/enseignantes\/herrmann\"><\/a><em><em><a href=\"https:\/\/www.unige.ch\/lettres\/istge\/enseignants-chercheurs\/herrmann\" target=\"_blank\" rel=\"noreferrer noopener\">IR\u00c8NE HERRMANN<\/a><\/em><\/em><\/em> &amp; <em><a href=\"https:\/\/www.unige.ch\/lettres\/istge\/enseignants-chercheurs\/latala\" target=\"_blank\" rel=\"noreferrer noopener\">RENATA<\/a><a href=\"https:\/\/www.unige.ch\/lettres\/istge\/enseignants-chercheurs\/latala\"> LATA\u0141A<\/a> <\/em> (UNIVERSIT\u00c9 DE GEN\u00c8VE)<\/em><br><\/p>\n\n\n\n<p><\/p>\n\n\n\n<h4 class=\"wp-block-heading\"><strong>Retrouvez les enregistrements des pr\u00e9c\u00e9dentes conf\u00e9rences <a href=\"https:\/\/youtube.com\/playlist?list=PLtGtu5sgJNzalWX9rJ7zdRKLOg2gFkEjV&amp;si=o6bPQhM8M5-BoAse\" target=\"_blank\" rel=\"noreferrer noopener\">ic<\/a><a href=\"https:\/\/www.youtube.com\/watch?v=VdBObv4PVm0&amp;list=PLtGtu5sgJNzalWX9rJ7zdRKLOg2gFkEjV&amp;pp=gAQBiAQB\" target=\"_blank\" rel=\"noreferrer noopener\">i<\/a><br>Les d\u00e9tails des conf\u00e9rences sont visibles <a href=\"https:\/\/solidarity1980.com\/en\/actualite\/\">here<\/a> <\/strong><\/h4>","protected":false},"excerpt":{"rendered":"<p>D\u00e9crypter les vagues de solidarit\u00e9 (XIX-XXe) La fin du XVIIIe si\u00e8cle, les ann\u00e9es 1860 ou encore 1970 sont autant de moments o\u00f9 se dessine un regain&nbsp;d\u2019int\u00e9r\u00eat&nbsp;pour autrui sur diff\u00e9rents points du globe. Ces acc\u00e8s pr\u00e9sentent une certaine synchronicit\u00e9. Sous des formes tr\u00e8s diff\u00e9rentes, ils se rep\u00e8rent par la moralisation de la sph\u00e8re publique. Dans la [&#8230;]<\/p>\n<p><a class=\"btn btn-secondary understrap-read-more-link\" href=\"https:\/\/solidarity1980.com\/en\/conferences\/\">Read More&#8230;<span class=\"screen-reader-text\"> from Conf\u00e9rences-D\u00e9bats<\/span><\/a><\/p>\n","protected":false},"author":1,"featured_media":0,"parent":0,"menu_order":0,"comment_status":"closed","ping_status":"closed","template":"page-templates\/contest-page.php","meta":{"footnotes":""},"class_list":["post-1275","page","type-page","status-publish","hentry"],"yoast_head":"<!-- This site is optimized with the Yoast SEO plugin v27.4 - https:\/\/yoast.com\/product\/yoast-seo-wordpress\/ -->\n<title>Conf\u00e9rences-D\u00e9bats - 1980 Le moment de solidarit\u00e9<\/title>\n<meta name=\"description\" content=\"Cr\u00e9er une courte vid\u00e9o ou une s\u00e9rie de photos Solidarite dans ma vie. Toutes les contributions doivent \u00eatre envoy\u00e9es le 31.07.2023.\" \/>\n<meta name=\"robots\" content=\"index, follow, max-snippet:-1, max-image-preview:large, max-video-preview:-1\" \/>\n<link rel=\"canonical\" href=\"https:\/\/solidarity1980.com\/en\/conferences\/\" \/>\n<meta property=\"og:locale\" content=\"en_GB\" \/>\n<meta property=\"og:type\" content=\"article\" \/>\n<meta property=\"og:title\" content=\"Conf\u00e9rences-D\u00e9bats - 1980 Le moment de solidarit\u00e9\" \/>\n<meta property=\"og:description\" content=\"Cr\u00e9er une courte vid\u00e9o ou une s\u00e9rie de photos Solidarite dans ma vie. Toutes les contributions doivent \u00eatre envoy\u00e9es le 31.07.2023.\" \/>\n<meta property=\"og:url\" content=\"https:\/\/solidarity1980.com\/en\/conferences\/\" \/>\n<meta property=\"og:site_name\" content=\"1980 Le moment de solidarit\u00e9\" \/>\n<meta property=\"article:modified_time\" content=\"2024-07-02T12:25:55+00:00\" \/>\n<meta name=\"twitter:card\" content=\"summary_large_image\" \/>\n<meta name=\"twitter:label1\" content=\"Estimated reading time\" \/>\n\t<meta name=\"twitter:data1\" content=\"2 minutes\" \/>\n<script type=\"application\/ld+json\" class=\"yoast-schema-graph\">{\"@context\":\"https:\\\/\\\/schema.org\",\"@graph\":[{\"@type\":\"WebPage\",\"@id\":\"https:\\\/\\\/solidarity1980.com\\\/conferences\\\/\",\"url\":\"https:\\\/\\\/solidarity1980.com\\\/conferences\\\/\",\"name\":\"Conf\u00e9rences-D\u00e9bats - 1980 Le moment de solidarit\u00e9\",\"isPartOf\":{\"@id\":\"https:\\\/\\\/solidarity1980.com\\\/#website\"},\"datePublished\":\"2024-02-09T09:59:47+00:00\",\"dateModified\":\"2024-07-02T12:25:55+00:00\",\"description\":\"Cr\u00e9er une courte vid\u00e9o ou une s\u00e9rie de photos Solidarite dans ma vie. Toutes les contributions doivent \u00eatre envoy\u00e9es le 31.07.2023.\",\"breadcrumb\":{\"@id\":\"https:\\\/\\\/solidarity1980.com\\\/conferences\\\/#breadcrumb\"},\"inLanguage\":\"en-GB\",\"potentialAction\":[{\"@type\":\"ReadAction\",\"target\":[\"https:\\\/\\\/solidarity1980.com\\\/conferences\\\/\"]}]},{\"@type\":\"BreadcrumbList\",\"@id\":\"https:\\\/\\\/solidarity1980.com\\\/conferences\\\/#breadcrumb\",\"itemListElement\":[{\"@type\":\"ListItem\",\"position\":1,\"name\":\"Accueil\",\"item\":\"https:\\\/\\\/solidarity1980.com\\\/\"},{\"@type\":\"ListItem\",\"position\":2,\"name\":\"Conf\u00e9rences-D\u00e9bats\"}]},{\"@type\":\"WebSite\",\"@id\":\"https:\\\/\\\/solidarity1980.com\\\/#website\",\"url\":\"https:\\\/\\\/solidarity1980.com\\\/\",\"name\":\"1980 Le moment de solidarit\u00e9\",\"description\":\"1980 Le moment de solidarit\u00e9\",\"publisher\":{\"@id\":\"https:\\\/\\\/solidarity1980.com\\\/#organization\"},\"potentialAction\":[{\"@type\":\"SearchAction\",\"target\":{\"@type\":\"EntryPoint\",\"urlTemplate\":\"https:\\\/\\\/solidarity1980.com\\\/?s={search_term_string}\"},\"query-input\":{\"@type\":\"PropertyValueSpecification\",\"valueRequired\":true,\"valueName\":\"search_term_string\"}}],\"inLanguage\":\"en-GB\"},{\"@type\":\"Organization\",\"@id\":\"https:\\\/\\\/solidarity1980.com\\\/#organization\",\"name\":\"1980 Le moment de solidarit\u00e9\",\"url\":\"https:\\\/\\\/solidarity1980.com\\\/\",\"logo\":{\"@type\":\"ImageObject\",\"inLanguage\":\"en-GB\",\"@id\":\"https:\\\/\\\/solidarity1980.com\\\/#\\\/schema\\\/logo\\\/image\\\/\",\"url\":\"https:\\\/\\\/solidarity1980.com\\\/wp-content\\\/uploads\\\/2023\\\/04\\\/titre_plateforme.png\",\"contentUrl\":\"https:\\\/\\\/solidarity1980.com\\\/wp-content\\\/uploads\\\/2023\\\/04\\\/titre_plateforme.png\",\"width\":786,\"height\":467,\"caption\":\"1980 Le moment de solidarit\u00e9\"},\"image\":{\"@id\":\"https:\\\/\\\/solidarity1980.com\\\/#\\\/schema\\\/logo\\\/image\\\/\"}}]}<\/script>\n<!-- \/ Yoast SEO plugin. -->","yoast_head_json":{"title":"Conf\u00e9rences-D\u00e9bats - 1980 Le moment de solidarit\u00e9","description":"Cr\u00e9er une courte vid\u00e9o ou une s\u00e9rie de photos Solidarite dans ma vie. Toutes les contributions doivent \u00eatre envoy\u00e9es le 31.07.2023.","robots":{"index":"index","follow":"follow","max-snippet":"max-snippet:-1","max-image-preview":"max-image-preview:large","max-video-preview":"max-video-preview:-1"},"canonical":"https:\/\/solidarity1980.com\/en\/conferences\/","og_locale":"en_GB","og_type":"article","og_title":"Conf\u00e9rences-D\u00e9bats - 1980 Le moment de solidarit\u00e9","og_description":"Cr\u00e9er une courte vid\u00e9o ou une s\u00e9rie de photos Solidarite dans ma vie. Toutes les contributions doivent \u00eatre envoy\u00e9es le 31.07.2023.","og_url":"https:\/\/solidarity1980.com\/en\/conferences\/","og_site_name":"1980 Le moment de solidarit\u00e9","article_modified_time":"2024-07-02T12:25:55+00:00","twitter_card":"summary_large_image","twitter_misc":{"Estimated reading time":"2 minutes"},"schema":{"@context":"https:\/\/schema.org","@graph":[{"@type":"WebPage","@id":"https:\/\/solidarity1980.com\/conferences\/","url":"https:\/\/solidarity1980.com\/conferences\/","name":"Conf\u00e9rences-D\u00e9bats - 1980 Le moment de solidarit\u00e9","isPartOf":{"@id":"https:\/\/solidarity1980.com\/#website"},"datePublished":"2024-02-09T09:59:47+00:00","dateModified":"2024-07-02T12:25:55+00:00","description":"Cr\u00e9er une courte vid\u00e9o ou une s\u00e9rie de photos Solidarite dans ma vie. Toutes les contributions doivent \u00eatre envoy\u00e9es le 31.07.2023.","breadcrumb":{"@id":"https:\/\/solidarity1980.com\/conferences\/#breadcrumb"},"inLanguage":"en-GB","potentialAction":[{"@type":"ReadAction","target":["https:\/\/solidarity1980.com\/conferences\/"]}]},{"@type":"BreadcrumbList","@id":"https:\/\/solidarity1980.com\/conferences\/#breadcrumb","itemListElement":[{"@type":"ListItem","position":1,"name":"Accueil","item":"https:\/\/solidarity1980.com\/"},{"@type":"ListItem","position":2,"name":"Conf\u00e9rences-D\u00e9bats"}]},{"@type":"WebSite","@id":"https:\/\/solidarity1980.com\/#website","url":"https:\/\/solidarity1980.com\/","name":"1980 Le moment de solidarit\u00e9","description":"1980 Le moment de solidarit\u00e9","publisher":{"@id":"https:\/\/solidarity1980.com\/#organization"},"potentialAction":[{"@type":"SearchAction","target":{"@type":"EntryPoint","urlTemplate":"https:\/\/solidarity1980.com\/?s={search_term_string}"},"query-input":{"@type":"PropertyValueSpecification","valueRequired":true,"valueName":"search_term_string"}}],"inLanguage":"en-GB"},{"@type":"Organization","@id":"https:\/\/solidarity1980.com\/#organization","name":"1980 Le moment de solidarit\u00e9","url":"https:\/\/solidarity1980.com\/","logo":{"@type":"ImageObject","inLanguage":"en-GB","@id":"https:\/\/solidarity1980.com\/#\/schema\/logo\/image\/","url":"https:\/\/solidarity1980.com\/wp-content\/uploads\/2023\/04\/titre_plateforme.png","contentUrl":"https:\/\/solidarity1980.com\/wp-content\/uploads\/2023\/04\/titre_plateforme.png","width":786,"height":467,"caption":"1980 Le moment de solidarit\u00e9"},"image":{"@id":"https:\/\/solidarity1980.com\/#\/schema\/logo\/image\/"}}]}},"wps_subtitle":"","_links":{"self":[{"href":"https:\/\/solidarity1980.com\/en\/wp-json\/wp\/v2\/pages\/1275","targetHints":{"allow":["GET"]}}],"collection":[{"href":"https:\/\/solidarity1980.com\/en\/wp-json\/wp\/v2\/pages"}],"about":[{"href":"https:\/\/solidarity1980.com\/en\/wp-json\/wp\/v2\/types\/page"}],"author":[{"embeddable":true,"href":"https:\/\/solidarity1980.com\/en\/wp-json\/wp\/v2\/users\/1"}],"replies":[{"embeddable":true,"href":"https:\/\/solidarity1980.com\/en\/wp-json\/wp\/v2\/comments?post=1275"}],"version-history":[{"count":58,"href":"https:\/\/solidarity1980.com\/en\/wp-json\/wp\/v2\/pages\/1275\/revisions"}],"predecessor-version":[{"id":1491,"href":"https:\/\/solidarity1980.com\/en\/wp-json\/wp\/v2\/pages\/1275\/revisions\/1491"}],"wp:attachment":[{"href":"https:\/\/solidarity1980.com\/en\/wp-json\/wp\/v2\/media?parent=1275"}],"curies":[{"name":"wp","href":"https:\/\/api.w.org\/{rel}","templated":true}]}}